{"id":96,"date":"2023-10-13T16:53:43","date_gmt":"2023-10-13T21:53:43","guid":{"rendered":"https:\/\/pegmor.com\/?post_type=product&#038;p=96"},"modified":"2026-01-07T11:20:50","modified_gmt":"2026-01-07T16:20:50","slug":"agua-filtro-purificador-ozono-carcasa-de-10-larga-duracion","status":"publish","type":"product","link":"https:\/\/pegmor.com\/index.php\/product\/agua-filtro-purificador-ozono-carcasa-de-10-larga-duracion\/","title":{"rendered":"Agua Filtro Purificador Ozono Carcasa De 10 Larga Duracion"},"content":{"rendered":"<p>EQUIPO PURIFICADOR DE AGUA CON FILTROS LARGA DURACION<br \/>\nHERMOSOS FILTROS DE AGUA GENERADORES DE OZONO<\/p>\n<p>DISPONIBLES<\/p>\n<p>RECUERDA CONFIRMARNOS EL MODELO DESEADO POR MENSAJE, TAN PRONTO HAGAS LA COMPRA PARA AGILIZAR EL ENV\u00cdO.<\/p>\n<p>RECIBIRAS<\/p>\n<p>1 EQUIPO PURIFICADOR GENERADOR DE OZONO<br \/>\n1 TUBO CROMADO SALIDA .<br \/>\n1 CARCASA DE 10 PULGADAS CON SUS ACCESORIOS.<br \/>\n2 METROS DE MANGUERA<br \/>\nRACORES CON TUERCA<br \/>\n1 LLAVE DE PASO TIPO REGISTRO<br \/>\n1 T DIVISORA<br \/>\n2 FILTROS LARGADURACION CARB\u00d3N ACTIVADO COMPACTO<br \/>\n1 LLAVE DE SERVICIO.<\/p>\n<p>SOMOS MERCADOLIDER<br \/>\nCALIFICACIONES 100% POSITIVAS<\/p>\n<p>CARB\u00d3N ACTIVADO<br \/>\n. Reduce las caracter\u00edsticas de qu\u00edmicos presentes en el agua, mejora el color, olor y sabor.<br \/>\nDURACI\u00d3N .<br \/>\n3.000 GALONES O UN A\u00d1O<\/p>\n<p>Recibir\u00e1s hermosos filtros purificadores y Ozonizadores de agua, que hacen posible tener siempre a mano el agua pura, libre de cloro, impurezas y bacterias pat\u00f3genas, gracias a los potentes sistemas de filtraci\u00f3n que retienen toda clase de sedimentos, arenillas, algas y residuos s\u00f3lidos, ademas de absorber los qu\u00edmicos presentes en el agua como el cloro y de eliminar toda clase de virus y bacterias microsc\u00f3picos mediante el generador de Ozono que incluye nuestro equipo.<\/p>\n<p>El equipo incluye el sistema micro filtrante, el generador de ozono, el manual explicativo de instalaciones y todos los accesorios necesarios para la misma, la cual puede efectuarse por cualquier persona, ya que se trata de un procedimiento de f\u00e1cil ejecuci\u00f3n.<\/p>\n<p>El sistema requiere para el funcionamiento un voltaje de 110-125 CA\/60Hz, tiene capacidad de producci\u00f3n de 35mg\/h de Ozono, capacidad de tratamiento de 150L\/h con una presi\u00f3n m\u00e1xima de 100psi.<\/p>\n<p>El moderno dise\u00f1o ofrece elegancia y decoraci\u00f3n a su cocina que se transformara al encender el equipo iluminando el panel frontal en vidrio, disponible en blanco y negro.<\/p>\n<p>GARANT\u00cdA<\/p>\n<p>Un a\u00f1o por defectos de fabricaci\u00f3n.<\/p>\n<p>OBSEQUIO<\/p>\n<p>Recibir\u00e1s un filtro adicional para que lo reemplaces en el primer mantenimiento, que debe ser cada 12 meses aproximadamente, dependiendo de la calidad del agua y del uso del equipo.<\/p>\n<p>RECUERDA.<\/p>\n<p>Nuestros equipos poseen potentes filtros capaces de micro filtrar y retener sedimentos, arenillas, algas y toda clase de residuos s\u00f3lidos, ademas poseen elementos de carb\u00f3n activado que neutralizan y absorben qu\u00edmicos presentes en el agua como el cloro, luego nuestro Potente generador de Ozono elimina toda clase de bacterias, virus y microorganismos pat\u00f3genos, mejorando la calidad del agua lo cual podr\u00e1s notar con el color y el sabor del liquido precioso.<\/p>\n<p>El agua que consume tu familia debe ser filtrada, pero tambi\u00e9n libre de microorganismos indeseables para tu salud. Hoy puedes lograrlo f\u00e1cilmente instalando uno de nuestros sistemas micro filtrantes generadores de ozono.<\/p>\n<p>No lo pienses mas, adquiere el est\u00e9tico y moderno sistema ozonizador y rec\u00edbelo en tu residencia sin costo adicional, ademas recibe un filtro para el primer mantenimiento.<\/p>\n<p>Recuerda que las fotograf\u00edas pueden tener algunas diferencias con el modelo f\u00edsico.<\/p>\n<p>Env\u00edo a cargo del comprador<\/p>\n<p>INSTALACI\u00d3N VALOR 70.000 EN BOGOT\u00c1<\/p>\n","protected":false},"excerpt":{"rendered":"<p>EQUIPO PURIFICADOR DE AGUA CON FILTROS LARGA DURACION<br \/>\nHERMOSOS FILTROS DE AGUA GENERADORES DE OZONO<\/p>\n","protected":false},"featured_media":1980,"comment_status":"open","ping_status":"closed","template":"","meta":{"_uag_custom_page_level_css":"","_monsterinsights_skip_tracking":false,"_monsterinsights_sitenote_active":false,"_monsterinsights_sitenote_note":"","_monsterinsights_sitenote_category":0,"site-sidebar-layout":"default","site-content-layout":"","ast-site-content-layout":"default","site-content-style":"default","site-sidebar-style":"default","ast-global-header-display":"","ast-banner-title-visibility":"","ast-main-header-display":"","ast-hfb-above-header-display":"","ast-hfb-below-header-display":"","ast-hfb-mobile-header-display":"","site-post-title":"","ast-breadcrumbs-content":"","ast-featured-img":"","footer-sml-layout":"","theme-transparent-header-meta":"default","adv-header-id-meta":"","stick-header-meta":"","header-above-stick-meta":"","header-main-stick-meta":"","header-below-stick-meta":"","astra-migrate-meta-layouts":"set","ast-page-background-enabled":"default","ast-page-background-meta":{"desktop":{"background-color":"var(--ast-global-color-4)","background-image":"","background-repeat":"repeat","background-position":"center center","background-size":"auto","background-attachment":"scroll","background-type":"","background-media":"","overlay-type":"","overlay-color":"","overlay-opacity":"","overlay-gradient":""},"tablet":{"background-color":"","background-image":"","background-repeat":"repeat","background-position":"center center","background-size":"auto","background-attachment":"scroll","background-type":"","background-media":"","overlay-type":"","overlay-color":"","overlay-opacity":"","overlay-gradient":""},"mobile":{"background-color":"","background-image":"","background-repeat":"repeat","background-position":"center center","background-size":"auto","background-attachment":"scroll","background-type":"","background-media":"","overlay-type":"","overlay-color":"","overlay-opacity":"","overlay-gradient":""}},"ast-content-background-meta":{"desktop":{"background-color":"var(--ast-global-color-5)","background-image":"","background-repeat":"repeat","background-position":"center center","background-size":"auto","background-attachment":"scroll","background-type":"","background-media":"","overlay-type":"","overlay-color":"","overlay-opacity":"","overlay-gradient":""},"tablet":{"background-color":"var(--ast-global-color-5)","background-image":"","background-repeat":"repeat","background-position":"center center","background-size":"auto","background-attachment":"scroll","background-type":"","background-media":"","overlay-type":"","overlay-color":"","overlay-opacity":"","overlay-gradient":""},"mobile":{"background-color":"var(--ast-global-color-5)","background-image":"","background-repeat":"repeat","background-position":"center center","background-size":"auto","background-attachment":"scroll","background-type":"","background-media":"","overlay-type":"","overlay-color":"","overlay-opacity":"","overlay-gradient":""}}},"product_brand":[],"product_cat":[20],"product_tag":[29,21,22],"class_list":{"0":"post-96","1":"product","2":"type-product","3":"status-publish","4":"has-post-thumbnail","6":"product_cat-purificadores-de-agua","7":"product_tag-purificador-con-ozono","8":"product_tag-purificador-de-agua","9":"product_tag-purificador-de-agua-con-ozono","10":"desktop-align-left","11":"tablet-align-left","12":"mobile-align-left","14":"first","15":"instock","16":"sale","17":"shipping-taxable","18":"purchasable","19":"product-type-simple"},"aioseo_notices":[],"jetpack_sharing_enabled":true,"uagb_featured_image_src":{"full":["https:\/\/pegmor.com\/wp-content\/uploads\/2023\/10\/Design-Option-B.png",500,500,false],"thumbnail":["https:\/\/pegmor.com\/wp-content\/uploads\/2023\/10\/Design-Option-B-150x150.png",150,150,true],"medium":["https:\/\/pegmor.com\/wp-content\/uploads\/2023\/10\/Design-Option-B-300x300.png",300,300,true],"medium_large":["https:\/\/pegmor.com\/wp-content\/uploads\/2023\/10\/Design-Option-B.png",500,500,false],"large":["https:\/\/pegmor.com\/wp-content\/uploads\/2023\/10\/Design-Option-B.png",500,500,false],"1536x1536":["https:\/\/pegmor.com\/wp-content\/uploads\/2023\/10\/Design-Option-B.png",500,500,false],"2048x2048":["https:\/\/pegmor.com\/wp-content\/uploads\/2023\/10\/Design-Option-B.png",500,500,false],"mailpoet_newsletter_max":["https:\/\/pegmor.com\/wp-content\/uploads\/2023\/10\/Design-Option-B.png",500,500,false],"woocommerce_thumbnail":["https:\/\/pegmor.com\/wp-content\/uploads\/2023\/10\/Design-Option-B-300x300.png",300,300,true],"woocommerce_single":["https:\/\/pegmor.com\/wp-content\/uploads\/2023\/10\/Design-Option-B.png",500,500,false],"woocommerce_gallery_thumbnail":["https:\/\/pegmor.com\/wp-content\/uploads\/2023\/10\/Design-Option-B-100x100.png",100,100,true]},"uagb_author_info":{"display_name":"pegmor-com.preview-domain.com","author_link":"https:\/\/pegmor.com\/index.php\/author\/"},"uagb_comment_info":0,"uagb_excerpt":"EQUIPO PURIFICADOR DE AGUA CON FILTROS LARGA DURACION HERMOSOS FILTROS DE AGUA GENERADORES DE OZONO","_links":{"self":[{"href":"https:\/\/pegmor.com\/index.php\/wp-json\/wp\/v2\/product\/96","targetHints":{"allow":["GET"]}}],"collection":[{"href":"https:\/\/pegmor.com\/index.php\/wp-json\/wp\/v2\/product"}],"about":[{"href":"https:\/\/pegmor.com\/index.php\/wp-json\/wp\/v2\/types\/product"}],"replies":[{"embeddable":true,"href":"https:\/\/pegmor.com\/index.php\/wp-json\/wp\/v2\/comments?post=96"}],"wp:featuredmedia":[{"embeddable":true,"href":"https:\/\/pegmor.com\/index.php\/wp-json\/wp\/v2\/media\/1980"}],"wp:attachment":[{"href":"https:\/\/pegmor.com\/index.php\/wp-json\/wp\/v2\/media?parent=96"}],"wp:term":[{"taxonomy":"product_brand","embeddable":true,"href":"https:\/\/pegmor.com\/index.php\/wp-json\/wp\/v2\/product_brand?post=96"},{"taxonomy":"product_cat","embeddable":true,"href":"https:\/\/pegmor.com\/index.php\/wp-json\/wp\/v2\/product_cat?post=96"},{"taxonomy":"product_tag","embeddable":true,"href":"https:\/\/pegmor.com\/index.php\/wp-json\/wp\/v2\/product_tag?post=96"}],"curies":[{"name":"wp","href":"https:\/\/api.w.org\/{rel}","templated":true}]}}