{"id":92,"date":"2023-10-13T16:44:45","date_gmt":"2023-10-13T21:44:45","guid":{"rendered":"https:\/\/pegmor.com\/?post_type=product&#038;p=92"},"modified":"2026-02-09T14:33:51","modified_gmt":"2026-02-09T19:33:51","slug":"filtro-purificador-de-agua-vidrio-ozono-lujo-carbon-activado","status":"publish","type":"product","link":"https:\/\/pegmor.com\/index.php\/product\/filtro-purificador-de-agua-vidrio-ozono-lujo-carbon-activado\/","title":{"rendered":"Filtro Purificador De Agua Vidrio Ozono Lujo Carb\u00f3n Activado"},"content":{"rendered":"<p>HERMOSOS FILTROS PURIFICADORES GENERADORES DE OZONO CON FRONTAL EN VIDRIO CON HERMOSOS PAISAJES<\/p>\n<p>EL OZONO ES EL MEJOR DESINFECTANTE EN RAPIDEZ, EFECTIVIDAD Y ECONOMIA, ademas no deja residuos t\u00f3xicos en el ambiente.<\/p>\n<p>AHORA TE ENVIAMOS FILTROS CON CARB\u00d3N ACTIVADO EN BLOQUE DE LARGA DURACION.<\/p>\n<p>SOMOS MERCADOLIDER.<\/p>\n<p>CALIFICACIONES 100% POSITIVAS<\/p>\n<p>RECUERDA ENVIARNOS UN MENSAJE CON EL MODELO ELEGIDO TAN PRONTO LEGALICES LA COMPRA, PARA AGILIZAR EL DESPACHO.<\/p>\n<p>Recibir\u00e1s cualquiera de estos hermosos filtros purificadores y Ozonizadores de agua, que hacen posible tener siempre a mano el agua pura, libre de cloro, impurezas y bacterias pat\u00f3genas, gracias a los potentes sistemas de filtraci\u00f3n que retienen toda clase de sedimentos, arenillas, algas y residuos s\u00f3lidos, ademas de absorber los qu\u00edmicos presentes en el agua como el cloro y de eliminar toda clase de virus y bacterias microsc\u00f3picos mediante el generador de Ozono que incluye nuestro equipo.<\/p>\n<p>El equipo incluye el sistema micro filtrante, el generador de ozono, el manual explicativo de instalaciones y todos los accesorios necesarios para la misma, la cual puede efectuarse por cualquier persona, ya que se trata de un procedimiento de f\u00e1cil ejecuci\u00f3n.<\/p>\n<p>El sistema requiere para el funcionamiento un voltaje de 110-125 CA\/60Hz, tiene capacidad de producci\u00f3n de 35mg\/h de Ozono, capacidad de tratamiento de 150L\/h con una presi\u00f3n m\u00e1xima de 100psi.<\/p>\n<p>El moderno dise\u00f1o ofrece elegancia y decoraci\u00f3n a su cocina que se transformara al instalar el equipo disponible en varios dise\u00f1os de facil mantenimiento.<\/p>\n<p>GARANT\u00cdA<\/p>\n<p>Un a\u00f1o por defectos de fabricaci\u00f3n.<\/p>\n<p>RECUERDA.<\/p>\n<p>Nuestros equipos poseen potentes filtros capaces de micro filtrar y retener sedimentos, arenillas, algas y toda clase de residuos s\u00f3lidos, ademas poseen elementos de carb\u00f3n activado que neutralizan y absorben qu\u00edmicos presentes en el agua como el cloro, luego nuestro Potente generador de Ozono elimina toda clase de bacterias, virus y microorganismos pat\u00f3genos, mejorando la calidad del agua lo cual podr\u00e1s notar con el color y el sabor del liquido precioso.<\/p>\n<p>El agua que consume tu familia debe ser filtrada, pero tambi\u00e9n libre de microorganismos indeseables para tu salud. Hoy puedes lograrlo f\u00e1cilmente instalando uno de nuestros sistemas micro filtrantes generadores de ozono.<\/p>\n<p>No lo pienses mas, adquiere el est\u00e9tico y moderno sistema ozonizador.<\/p>\n<p>Env\u00edo a cargo del comprador<\/p>\n<p>INSTALACI\u00d3N VALOR 70.000 EN BOGOT\u00c1<\/p>\n","protected":false},"excerpt":{"rendered":"<p>HERMOSOS FILTROS PURIFICADORES GENERADORES DE OZONO CON FRONTAL EN VIDRIO CON HERMOSOS PAISAJES<\/p>\n","protected":false},"featured_media":2036,"comment_status":"open","ping_status":"closed","template":"","meta":{"_uag_custom_page_level_css":"","_monsterinsights_skip_tracking":false,"_monsterinsights_sitenote_active":false,"_monsterinsights_sitenote_note":"","_monsterinsights_sitenote_category":0,"site-sidebar-layout":"default","site-content-layout":"","ast-site-content-layout":"default","site-content-style":"default","site-sidebar-style":"default","ast-global-header-display":"","ast-banner-title-visibility":"","ast-main-header-display":"","ast-hfb-above-header-display":"","ast-hfb-below-header-display":"","ast-hfb-mobile-header-display":"","site-post-title":"","ast-breadcrumbs-content":"","ast-featured-img":"","footer-sml-layout":"","theme-transparent-header-meta":"default","adv-header-id-meta":"","stick-header-meta":"","header-above-stick-meta":"","header-main-stick-meta":"","header-below-stick-meta":"","astra-migrate-meta-layouts":"set","ast-page-background-enabled":"default","ast-page-background-meta":{"desktop":{"background-color":"var(--ast-global-color-4)","background-image":"","background-repeat":"repeat","background-position":"center center","background-size":"auto","background-attachment":"scroll","background-type":"","background-media":"","overlay-type":"","overlay-color":"","overlay-opacity":"","overlay-gradient":""},"tablet":{"background-color":"","background-image":"","background-repeat":"repeat","background-position":"center center","background-size":"auto","background-attachment":"scroll","background-type":"","background-media":"","overlay-type":"","overlay-color":"","overlay-opacity":"","overlay-gradient":""},"mobile":{"background-color":"","background-image":"","background-repeat":"repeat","background-position":"center center","background-size":"auto","background-attachment":"scroll","background-type":"","background-media":"","overlay-type":"","overlay-color":"","overlay-opacity":"","overlay-gradient":""}},"ast-content-background-meta":{"desktop":{"background-color":"var(--ast-global-color-5)","background-image":"","background-repeat":"repeat","background-position":"center center","background-size":"auto","background-attachment":"scroll","background-type":"","background-media":"","overlay-type":"","overlay-color":"","overlay-opacity":"","overlay-gradient":""},"tablet":{"background-color":"var(--ast-global-color-5)","background-image":"","background-repeat":"repeat","background-position":"center center","background-size":"auto","background-attachment":"scroll","background-type":"","background-media":"","overlay-type":"","overlay-color":"","overlay-opacity":"","overlay-gradient":""},"mobile":{"background-color":"var(--ast-global-color-5)","background-image":"","background-repeat":"repeat","background-position":"center center","background-size":"auto","background-attachment":"scroll","background-type":"","background-media":"","overlay-type":"","overlay-color":"","overlay-opacity":"","overlay-gradient":""}}},"product_brand":[],"product_cat":[20],"product_tag":[29,27],"class_list":{"0":"post-92","1":"product","2":"type-product","3":"status-publish","4":"has-post-thumbnail","6":"product_cat-purificadores-de-agua","7":"product_tag-purificador-con-ozono","8":"product_tag-purificadores-de-agua-con-ozono","9":"desktop-align-left","10":"tablet-align-left","11":"mobile-align-left","13":"first","14":"instock","15":"shipping-taxable","16":"purchasable","17":"product-type-simple"},"aioseo_notices":[],"jetpack_sharing_enabled":true,"uagb_featured_image_src":{"full":["https:\/\/pegmor.com\/wp-content\/uploads\/2026\/02\/VIDRIOS-2026.png",1080,1080,false],"thumbnail":["https:\/\/pegmor.com\/wp-content\/uploads\/2026\/02\/VIDRIOS-2026-150x150.png",150,150,true],"medium":["https:\/\/pegmor.com\/wp-content\/uploads\/2026\/02\/VIDRIOS-2026-300x300.png",300,300,true],"medium_large":["https:\/\/pegmor.com\/wp-content\/uploads\/2026\/02\/VIDRIOS-2026-768x768.png",768,768,true],"large":["https:\/\/pegmor.com\/wp-content\/uploads\/2026\/02\/VIDRIOS-2026-1024x1024.png",1024,1024,true],"1536x1536":["https:\/\/pegmor.com\/wp-content\/uploads\/2026\/02\/VIDRIOS-2026.png",1080,1080,false],"2048x2048":["https:\/\/pegmor.com\/wp-content\/uploads\/2026\/02\/VIDRIOS-2026.png",1080,1080,false],"mailpoet_newsletter_max":["https:\/\/pegmor.com\/wp-content\/uploads\/2026\/02\/VIDRIOS-2026.png",1080,1080,false],"woocommerce_thumbnail":["https:\/\/pegmor.com\/wp-content\/uploads\/2026\/02\/VIDRIOS-2026-300x300.png",300,300,true],"woocommerce_single":["https:\/\/pegmor.com\/wp-content\/uploads\/2026\/02\/VIDRIOS-2026-600x600.png",600,600,true],"woocommerce_gallery_thumbnail":["https:\/\/pegmor.com\/wp-content\/uploads\/2026\/02\/VIDRIOS-2026-100x100.png",100,100,true]},"uagb_author_info":{"display_name":"pegmor-com.preview-domain.com","author_link":"https:\/\/pegmor.com\/index.php\/author\/"},"uagb_comment_info":0,"uagb_excerpt":"HERMOSOS FILTROS PURIFICADORES GENERADORES DE OZONO CON FRONTAL EN VIDRIO CON HERMOSOS PAISAJES","_links":{"self":[{"href":"https:\/\/pegmor.com\/index.php\/wp-json\/wp\/v2\/product\/92","targetHints":{"allow":["GET"]}}],"collection":[{"href":"https:\/\/pegmor.com\/index.php\/wp-json\/wp\/v2\/product"}],"about":[{"href":"https:\/\/pegmor.com\/index.php\/wp-json\/wp\/v2\/types\/product"}],"replies":[{"embeddable":true,"href":"https:\/\/pegmor.com\/index.php\/wp-json\/wp\/v2\/comments?post=92"}],"wp:featuredmedia":[{"embeddable":true,"href":"https:\/\/pegmor.com\/index.php\/wp-json\/wp\/v2\/media\/2036"}],"wp:attachment":[{"href":"https:\/\/pegmor.com\/index.php\/wp-json\/wp\/v2\/media?parent=92"}],"wp:term":[{"taxonomy":"product_brand","embeddable":true,"href":"https:\/\/pegmor.com\/index.php\/wp-json\/wp\/v2\/product_brand?post=92"},{"taxonomy":"product_cat","embeddable":true,"href":"https:\/\/pegmor.com\/index.php\/wp-json\/wp\/v2\/product_cat?post=92"},{"taxonomy":"product_tag","embeddable":true,"href":"https:\/\/pegmor.com\/index.php\/wp-json\/wp\/v2\/product_tag?post=92"}],"curies":[{"name":"wp","href":"https:\/\/api.w.org\/{rel}","templated":true}]}}