{"id":91,"date":"2023-10-13T16:41:43","date_gmt":"2023-10-13T21:41:43","guid":{"rendered":"https:\/\/pegmor.com\/?post_type=product&#038;p=91"},"modified":"2026-01-07T11:21:39","modified_gmt":"2026-01-07T16:21:39","slug":"filtro-purificador-agua-ozono-portafiltro-10-carbon-activado","status":"publish","type":"product","link":"https:\/\/pegmor.com\/index.php\/product\/filtro-purificador-agua-ozono-portafiltro-10-carbon-activado\/","title":{"rendered":"Filtro Purificador Agua Ozono Portafiltro 10 Carbon Activado"},"content":{"rendered":"<p>PURIFICADOR DE AGUA ,TRATAMIENTO CON OZONO. PLANTA EN ACRILICO+ CARCASA PORTAFILTRO DE 10&#8243;.<\/p>\n<p>HERMOSOS PURIFICADORES DE AGUA GENERADORES DE OZONO.<br \/>\nAGUA POTABLE LISTA PARA EL CONSUMO HUMANO.<\/p>\n<p>CALIFICACIONES 100%POSITIVAS.<\/p>\n<p>Recibir\u00e1s cualquiera de estos hermosos filtros purificadores y Ozonizadores de agua, que hacen posible tener siempre a mano el agua pura, libre de cloro, impurezas y bacterias pat\u00f3genas, generando gua pura de optima calidad para el consumo humano.<br \/>\nEl carb\u00f3n activado es un ANT\u00cdDOTO NATURAL que absorbe las toxinas, desintoxica el aparato digestivo, alivia la acidez estomacal, limpia y aclara la piel, blanquea la dentadura, previene da\u00f1os celulares en muchos \u00f3rganos del cuerpo, tiene gran poder de antienvejecimiento.<\/p>\n<p>El sistema requiere para el funcionamiento un voltaje de 110-125 CA\/60Hz, tiene capacidad de producci\u00f3n de 35mg\/h de Ozono, capacidad de tratamiento de 150L\/h con una presi\u00f3n m\u00e1xima de 100psi.<\/p>\n<p>El moderno dise\u00f1o ofrece elegancia y decoraci\u00f3n a su cocina que se transformara al instalar el equipo disponible en varios dise\u00f1os de facil mantenimiento.<\/p>\n<p>GARANT\u00cdA<\/p>\n<p>Un a\u00f1o por defectos de fabricaci\u00f3n.<\/p>\n<p>RECUERDA.<\/p>\n<p>Nuestro Potente generador de Ozono elimina toda clase de bacterias, virus y microorganismos pat\u00f3genos, mejorando la calidad del agua lo cual podr\u00e1s notar con el color y el sabor del liquido precioso.<\/p>\n<p>El agua que consume tu familia debe ser filtrada, pero tambi\u00e9n libre de microorganismos indeseables para tu salud. Hoy puedes lograrlo f\u00e1cilmente instalando uno de nuestros sistemas micro filtrantes generadores de ozono.<\/p>\n<p>No lo pienses mas, adquiere el est\u00e9tico y moderno sistema ozonizador.<\/p>\n<p>SOMOS MERCADO LIDER<\/p>\n<p>Env\u00edo a cargo del comprador<\/p>\n<p>INSTALACI\u00d3N VALOR 70.000 EN BOGOT\u00c1<\/p>\n","protected":false},"excerpt":{"rendered":"<p>PURIFICADOR DE AGUA ,TRATAMIENTO CON OZONO. PLANTA EN ACRILICO+ CARCASA PORTAFILTRO DE 10&#8243;.<\/p>\n","protected":false},"featured_media":1980,"comment_status":"open","ping_status":"closed","template":"","meta":{"_uag_custom_page_level_css":"","_monsterinsights_skip_tracking":false,"_monsterinsights_sitenote_active":false,"_monsterinsights_sitenote_note":"","_monsterinsights_sitenote_category":0,"site-sidebar-layout":"default","site-content-layout":"","ast-site-content-layout":"default","site-content-style":"default","site-sidebar-style":"default","ast-global-header-display":"","ast-banner-title-visibility":"","ast-main-header-display":"","ast-hfb-above-header-display":"","ast-hfb-below-header-display":"","ast-hfb-mobile-header-display":"","site-post-title":"","ast-breadcrumbs-content":"","ast-featured-img":"","footer-sml-layout":"","theme-transparent-header-meta":"default","adv-header-id-meta":"","stick-header-meta":"","header-above-stick-meta":"","header-main-stick-meta":"","header-below-stick-meta":"","astra-migrate-meta-layouts":"set","ast-page-background-enabled":"default","ast-page-background-meta":{"desktop":{"background-color":"var(--ast-global-color-4)","background-image":"","background-repeat":"repeat","background-position":"center center","background-size":"auto","background-attachment":"scroll","background-type":"","background-media":"","overlay-type":"","overlay-color":"","overlay-opacity":"","overlay-gradient":""},"tablet":{"background-color":"","background-image":"","background-repeat":"repeat","background-position":"center center","background-size":"auto","background-attachment":"scroll","background-type":"","background-media":"","overlay-type":"","overlay-color":"","overlay-opacity":"","overlay-gradient":""},"mobile":{"background-color":"","background-image":"","background-repeat":"repeat","background-position":"center center","background-size":"auto","background-attachment":"scroll","background-type":"","background-media":"","overlay-type":"","overlay-color":"","overlay-opacity":"","overlay-gradient":""}},"ast-content-background-meta":{"desktop":{"background-color":"var(--ast-global-color-5)","background-image":"","background-repeat":"repeat","background-position":"center center","background-size":"auto","background-attachment":"scroll","background-type":"","background-media":"","overlay-type":"","overlay-color":"","overlay-opacity":"","overlay-gradient":""},"tablet":{"background-color":"var(--ast-global-color-5)","background-image":"","background-repeat":"repeat","background-position":"center center","background-size":"auto","background-attachment":"scroll","background-type":"","background-media":"","overlay-type":"","overlay-color":"","overlay-opacity":"","overlay-gradient":""},"mobile":{"background-color":"var(--ast-global-color-5)","background-image":"","background-repeat":"repeat","background-position":"center center","background-size":"auto","background-attachment":"scroll","background-type":"","background-media":"","overlay-type":"","overlay-color":"","overlay-opacity":"","overlay-gradient":""}}},"product_brand":[],"product_cat":[20],"product_tag":[29,21,22],"class_list":{"0":"post-91","1":"product","2":"type-product","3":"status-publish","4":"has-post-thumbnail","6":"product_cat-purificadores-de-agua","7":"product_tag-purificador-con-ozono","8":"product_tag-purificador-de-agua","9":"product_tag-purificador-de-agua-con-ozono","10":"desktop-align-left","11":"tablet-align-left","12":"mobile-align-left","14":"first","15":"instock","16":"shipping-taxable","17":"purchasable","18":"product-type-simple"},"aioseo_notices":[],"jetpack_sharing_enabled":true,"uagb_featured_image_src":{"full":["https:\/\/pegmor.com\/wp-content\/uploads\/2023\/10\/Design-Option-B.png",500,500,false],"thumbnail":["https:\/\/pegmor.com\/wp-content\/uploads\/2023\/10\/Design-Option-B-150x150.png",150,150,true],"medium":["https:\/\/pegmor.com\/wp-content\/uploads\/2023\/10\/Design-Option-B-300x300.png",300,300,true],"medium_large":["https:\/\/pegmor.com\/wp-content\/uploads\/2023\/10\/Design-Option-B.png",500,500,false],"large":["https:\/\/pegmor.com\/wp-content\/uploads\/2023\/10\/Design-Option-B.png",500,500,false],"1536x1536":["https:\/\/pegmor.com\/wp-content\/uploads\/2023\/10\/Design-Option-B.png",500,500,false],"2048x2048":["https:\/\/pegmor.com\/wp-content\/uploads\/2023\/10\/Design-Option-B.png",500,500,false],"mailpoet_newsletter_max":["https:\/\/pegmor.com\/wp-content\/uploads\/2023\/10\/Design-Option-B.png",500,500,false],"woocommerce_thumbnail":["https:\/\/pegmor.com\/wp-content\/uploads\/2023\/10\/Design-Option-B-300x300.png",300,300,true],"woocommerce_single":["https:\/\/pegmor.com\/wp-content\/uploads\/2023\/10\/Design-Option-B.png",500,500,false],"woocommerce_gallery_thumbnail":["https:\/\/pegmor.com\/wp-content\/uploads\/2023\/10\/Design-Option-B-100x100.png",100,100,true]},"uagb_author_info":{"display_name":"pegmor-com.preview-domain.com","author_link":"https:\/\/pegmor.com\/index.php\/author\/"},"uagb_comment_info":0,"uagb_excerpt":"PURIFICADOR DE AGUA ,TRATAMIENTO CON OZONO. PLANTA EN ACRILICO+ CARCASA PORTAFILTRO DE 10\".","_links":{"self":[{"href":"https:\/\/pegmor.com\/index.php\/wp-json\/wp\/v2\/product\/91","targetHints":{"allow":["GET"]}}],"collection":[{"href":"https:\/\/pegmor.com\/index.php\/wp-json\/wp\/v2\/product"}],"about":[{"href":"https:\/\/pegmor.com\/index.php\/wp-json\/wp\/v2\/types\/product"}],"replies":[{"embeddable":true,"href":"https:\/\/pegmor.com\/index.php\/wp-json\/wp\/v2\/comments?post=91"}],"wp:featuredmedia":[{"embeddable":true,"href":"https:\/\/pegmor.com\/index.php\/wp-json\/wp\/v2\/media\/1980"}],"wp:attachment":[{"href":"https:\/\/pegmor.com\/index.php\/wp-json\/wp\/v2\/media?parent=91"}],"wp:term":[{"taxonomy":"product_brand","embeddable":true,"href":"https:\/\/pegmor.com\/index.php\/wp-json\/wp\/v2\/product_brand?post=91"},{"taxonomy":"product_cat","embeddable":true,"href":"https:\/\/pegmor.com\/index.php\/wp-json\/wp\/v2\/product_cat?post=91"},{"taxonomy":"product_tag","embeddable":true,"href":"https:\/\/pegmor.com\/index.php\/wp-json\/wp\/v2\/product_tag?post=91"}],"curies":[{"name":"wp","href":"https:\/\/api.w.org\/{rel}","templated":true}]}}