{"id":87,"date":"2023-10-13T16:32:04","date_gmt":"2023-10-13T21:32:04","guid":{"rendered":"https:\/\/pegmor.com\/?post_type=product&#038;p=87"},"modified":"2026-01-07T11:22:40","modified_gmt":"2026-01-07T16:22:40","slug":"nuevo-filtro-purificador-agua-ozono-carbon-larga-duracion-y-obsequios","status":"publish","type":"product","link":"https:\/\/pegmor.com\/index.php\/product\/nuevo-filtro-purificador-agua-ozono-carbon-larga-duracion-y-obsequios\/","title":{"rendered":"Nuevo Filtro Purificador Agua Ozono Carb\u00f3n Larga Duracion y obsequios"},"content":{"rendered":"<p>FILTRO PURIFICADOR DE AGUA ,TRATAMIENTO CON OZONO.<\/p>\n<div class=\"ui-vip-core\">\n<div class=\"ui-pdp-container ui-pdp-container--pdp shops-pdp-container\">\n<div id=\"ui-pdp-main-container\" class=\"ui-pdp-container__row ui-pdp-container__row--reverse ui-pdp--relative pb-40\">\n<div class=\"ui-pdp-container__col col-2 ui-pdp-container--column-left pb-40 shops-pdp-container--column-left\">\n<div class=\"ui-pdp-container__col col-1 ui-vip-core-container--content-left\">\n<div id=\"description\" class=\"ui-pdp-container__row ui-pdp-container__row--description\">\n<div class=\"ui-pdp-description\">\n<p>DISPONIBLES<\/p>\n<p>HERMOSOS FILTROS DE AGUA GENERADORES DE OZONO.<\/p>\n<p>AGUA POTABLE LISTA PARA EL CONSUMO HUMANO.<\/p>\n<p>CALIFICACIONES 100%POSITIVAS.<\/p>\n<p>RECIBIR\u00c1S EL EQUIPO COMPLETO CON FILTRO CARBON EN BLOQUE PARA QUE HAGAS MANTENIMIENTO SOLO CADA A\u00d1O,<br \/>\nADEMAS RECIBIRAS LLAVE DE CARCASA Y OTRO FILTRO EN BLOQUE PARA OTRO A\u00d1O.<\/p>\n<p>Recibir\u00e1s cualquiera de estos hermosos filtros purificadores y Ozonizadores de agua, que hacen posible tener siempre a mano el agua pura, libre de cloro, impurezas y bacterias pat\u00f3genas, gracias a los potentes sistemas de filtraci\u00f3n que retienen toda clase de sedimentos, arenillas, algas y residuos s\u00f3lidos, luego el agua pasa por el carb\u00f3n activado que tiene la propiedad de absorber gases, qu\u00edmicos, metales pesados, prote\u00ednas, desechos y toxinas, ademas de absorber los qu\u00edmicos presentes en el agua como el cloro, pesticidas, fungicidas y dem\u00e1s, presentes en el agua, que luego de este proceso va al equipo generador de ozono, con el cual son eliminadas las bacterias restantes, dando como resultado agua pura de optima calidad para el consumo humano.<br \/>\nEl carb\u00f3n activado es un ANT\u00cdDOTO NATURAL que absorbe las toxinas, desintoxica el aparato digestivo, alivia la acidez estomacal, limpia y aclara la piel, blanquea la dentadura, previene da\u00f1os celulares en muchos \u00f3rganos del cuerpo, tiene gran poder de antienvejecimiento.<\/p>\n<p>El equipo incluye el sistema micro filtrante, el generador de ozono, el manual explicativo de instalaciones y todos los accesorios necesarios para la misma, la cual puede efectuarse por cualquier persona, ya que se trata de un procedimiento de f\u00e1cil ejecuci\u00f3n.<\/p>\n<p>El sistema requiere para el funcionamiento un voltaje de 110-125 CA\/60Hz, tiene capacidad de producci\u00f3n de 35mg\/h de Ozono, capacidad de tratamiento de 150L\/h con una presi\u00f3n m\u00e1xima de 100psi.<\/p>\n<p>El moderno dise\u00f1o ofrece elegancia y decoraci\u00f3n a su cocina que se transformara al instalar el equipo disponible en varios dise\u00f1os de facil mantenimiento.<\/p>\n<p>GARANT\u00cdA<\/p>\n<p>Un a\u00f1o por defectos de fabricaci\u00f3n.<\/p>\n<p>OBSEQUIO<\/p>\n<p>Recibir\u00e1s un filtro adicional para que lo reemplaces en el primer mantenimiento, que debe ser cada 6 meses aproximadamente, dependiendo de la calidad del agua y del uso del equipo.<\/p>\n<p>RECUERDA.<\/p>\n<p>Nuestros equipos poseen potentes filtros capaces de micro filtrar y retener sedimentos, arenillas, algas y toda clase de residuos s\u00f3lidos, ademas poseen elementos de carb\u00f3n activado que neutralizan y absorben metales pesados y qu\u00edmicos presentes en el agua como el cloro, luego nuestro Potente generador de Ozono elimina toda clase de bacterias, virus y microorganismos pat\u00f3genos, mejorando la calidad del agua lo cual podr\u00e1s notar con el color y el sabor del liquido precioso.<\/p>\n<p>El agua que consume tu familia debe ser filtrada, pero tambi\u00e9n libre de microorganismos indeseables para tu salud. Hoy puedes lograrlo f\u00e1cilmente instalando uno de nuestros sistemas micro filtrantes generadores de ozono.<\/p>\n<p>No lo pienses mas, adquiere el est\u00e9tico y moderno sistema ozonizador y recibelo en tu residencia sin costo adicional, ademas recibe un filtro para el primer mantenimiento.<\/p>\n<p>&nbsp;<\/p>\n<p>Env\u00edo a cargo del comprador<\/p>\n<p>INSTALACI\u00d3N VALOR 70.000 EN BOGOT\u00c1<\/p>\n<\/div>\n<\/div>\n<\/div>\n<\/div>\n<\/div>\n<\/div>\n<\/div>\n<p>&nbsp;<\/p>\n<div>\n<div id=\"footer-container\">\n<footer>\n<div class=\"fashion-nav-footer-contact\">\n<div class=\"fashion-nav-footer-contact__content header--custom-background\">\n<div class=\"nav-bounds nav-bounds--contact \">\n<div class=\"fashion-nav-footer__categories-col-container header--custom-border\">\n<div class=\"fashion-nav-footer__categories-col header--custom-border\"><\/div>\n<\/div>\n<\/div>\n<\/div>\n<\/div>\n<\/footer>\n<\/div>\n<\/div>\n","protected":false},"excerpt":{"rendered":"<p>FILTRO PURIFICADOR DE AGUA ,TRATAMIENTO CON OZONO.<\/p>\n","protected":false},"featured_media":1980,"comment_status":"open","ping_status":"closed","template":"","meta":{"_uag_custom_page_level_css":"","_monsterinsights_skip_tracking":false,"_monsterinsights_sitenote_active":false,"_monsterinsights_sitenote_note":"","_monsterinsights_sitenote_category":0,"site-sidebar-layout":"default","site-content-layout":"","ast-site-content-layout":"default","site-content-style":"default","site-sidebar-style":"default","ast-global-header-display":"","ast-banner-title-visibility":"","ast-main-header-display":"","ast-hfb-above-header-display":"","ast-hfb-below-header-display":"","ast-hfb-mobile-header-display":"","site-post-title":"","ast-breadcrumbs-content":"","ast-featured-img":"","footer-sml-layout":"","theme-transparent-header-meta":"default","adv-header-id-meta":"","stick-header-meta":"","header-above-stick-meta":"","header-main-stick-meta":"","header-below-stick-meta":"","astra-migrate-meta-layouts":"set","ast-page-background-enabled":"default","ast-page-background-meta":{"desktop":{"background-color":"var(--ast-global-color-4)","background-image":"","background-repeat":"repeat","background-position":"center center","background-size":"auto","background-attachment":"scroll","background-type":"","background-media":"","overlay-type":"","overlay-color":"","overlay-opacity":"","overlay-gradient":""},"tablet":{"background-color":"","background-image":"","background-repeat":"repeat","background-position":"center center","background-size":"auto","background-attachment":"scroll","background-type":"","background-media":"","overlay-type":"","overlay-color":"","overlay-opacity":"","overlay-gradient":""},"mobile":{"background-color":"","background-image":"","background-repeat":"repeat","background-position":"center center","background-size":"auto","background-attachment":"scroll","background-type":"","background-media":"","overlay-type":"","overlay-color":"","overlay-opacity":"","overlay-gradient":""}},"ast-content-background-meta":{"desktop":{"background-color":"var(--ast-global-color-5)","background-image":"","background-repeat":"repeat","background-position":"center center","background-size":"auto","background-attachment":"scroll","background-type":"","background-media":"","overlay-type":"","overlay-color":"","overlay-opacity":"","overlay-gradient":""},"tablet":{"background-color":"var(--ast-global-color-5)","background-image":"","background-repeat":"repeat","background-position":"center center","background-size":"auto","background-attachment":"scroll","background-type":"","background-media":"","overlay-type":"","overlay-color":"","overlay-opacity":"","overlay-gradient":""},"mobile":{"background-color":"var(--ast-global-color-5)","background-image":"","background-repeat":"repeat","background-position":"center center","background-size":"auto","background-attachment":"scroll","background-type":"","background-media":"","overlay-type":"","overlay-color":"","overlay-opacity":"","overlay-gradient":""}}},"product_brand":[],"product_cat":[20],"product_tag":[21,22,27],"class_list":{"0":"post-87","1":"product","2":"type-product","3":"status-publish","4":"has-post-thumbnail","6":"product_cat-purificadores-de-agua","7":"product_tag-purificador-de-agua","8":"product_tag-purificador-de-agua-con-ozono","9":"product_tag-purificadores-de-agua-con-ozono","10":"desktop-align-left","11":"tablet-align-left","12":"mobile-align-left","14":"first","15":"instock","16":"shipping-taxable","17":"purchasable","18":"product-type-simple"},"aioseo_notices":[],"jetpack_sharing_enabled":true,"uagb_featured_image_src":{"full":["https:\/\/pegmor.com\/wp-content\/uploads\/2023\/10\/Design-Option-B.png",500,500,false],"thumbnail":["https:\/\/pegmor.com\/wp-content\/uploads\/2023\/10\/Design-Option-B-150x150.png",150,150,true],"medium":["https:\/\/pegmor.com\/wp-content\/uploads\/2023\/10\/Design-Option-B-300x300.png",300,300,true],"medium_large":["https:\/\/pegmor.com\/wp-content\/uploads\/2023\/10\/Design-Option-B.png",500,500,false],"large":["https:\/\/pegmor.com\/wp-content\/uploads\/2023\/10\/Design-Option-B.png",500,500,false],"1536x1536":["https:\/\/pegmor.com\/wp-content\/uploads\/2023\/10\/Design-Option-B.png",500,500,false],"2048x2048":["https:\/\/pegmor.com\/wp-content\/uploads\/2023\/10\/Design-Option-B.png",500,500,false],"mailpoet_newsletter_max":["https:\/\/pegmor.com\/wp-content\/uploads\/2023\/10\/Design-Option-B.png",500,500,false],"woocommerce_thumbnail":["https:\/\/pegmor.com\/wp-content\/uploads\/2023\/10\/Design-Option-B-300x300.png",300,300,true],"woocommerce_single":["https:\/\/pegmor.com\/wp-content\/uploads\/2023\/10\/Design-Option-B.png",500,500,false],"woocommerce_gallery_thumbnail":["https:\/\/pegmor.com\/wp-content\/uploads\/2023\/10\/Design-Option-B-100x100.png",100,100,true]},"uagb_author_info":{"display_name":"pegmor-com.preview-domain.com","author_link":"https:\/\/pegmor.com\/index.php\/author\/"},"uagb_comment_info":0,"uagb_excerpt":"FILTRO PURIFICADOR DE AGUA ,TRATAMIENTO CON OZONO.","_links":{"self":[{"href":"https:\/\/pegmor.com\/index.php\/wp-json\/wp\/v2\/product\/87","targetHints":{"allow":["GET"]}}],"collection":[{"href":"https:\/\/pegmor.com\/index.php\/wp-json\/wp\/v2\/product"}],"about":[{"href":"https:\/\/pegmor.com\/index.php\/wp-json\/wp\/v2\/types\/product"}],"replies":[{"embeddable":true,"href":"https:\/\/pegmor.com\/index.php\/wp-json\/wp\/v2\/comments?post=87"}],"wp:featuredmedia":[{"embeddable":true,"href":"https:\/\/pegmor.com\/index.php\/wp-json\/wp\/v2\/media\/1980"}],"wp:attachment":[{"href":"https:\/\/pegmor.com\/index.php\/wp-json\/wp\/v2\/media?parent=87"}],"wp:term":[{"taxonomy":"product_brand","embeddable":true,"href":"https:\/\/pegmor.com\/index.php\/wp-json\/wp\/v2\/product_brand?post=87"},{"taxonomy":"product_cat","embeddable":true,"href":"https:\/\/pegmor.com\/index.php\/wp-json\/wp\/v2\/product_cat?post=87"},{"taxonomy":"product_tag","embeddable":true,"href":"https:\/\/pegmor.com\/index.php\/wp-json\/wp\/v2\/product_tag?post=87"}],"curies":[{"name":"wp","href":"https:\/\/api.w.org\/{rel}","templated":true}]}}