{"id":86,"date":"2023-10-13T16:29:12","date_gmt":"2023-10-13T21:29:12","guid":{"rendered":"https:\/\/pegmor.com\/?post_type=product&#038;p=86"},"modified":"2026-01-07T11:23:03","modified_gmt":"2026-01-07T16:23:03","slug":"filtro-purificador-aguaozono-acrilico-lujo-doble-filtracion","status":"publish","type":"product","link":"https:\/\/pegmor.com\/index.php\/product\/filtro-purificador-aguaozono-acrilico-lujo-doble-filtracion\/","title":{"rendered":"Filtro Purificador Agua+ozono Acrilico Lujo Doble Filtracion"},"content":{"rendered":"<p>EQUIPO PURIFICADOR DE AGUA CUBIERTA EN ACRILICO, DOBLE FILTRACION CON FILTRO DOBLE CAPA RETENCION SEDIMENTOS + CARBON ACTIVADO+ FILTRO DE LARGA DURACION.<br \/>\nRECIBIRAS VIDEO DE INSTALACION POR MENSAJE, SOLICITALO.<\/p>\n<p>PUEDES ELEGIR EL MODELO DESEADO POR MENSAJE LUEGO DE LA COMPRA.<\/p>\n<p>DISPONIBLES<br \/>\nRECIBIRAS<\/p>\n<p>1 EQUIPO PURIFICADOR GENERADOR DE OZONO<br \/>\n1 TUBO CROMADO SALIDA METALICO.<br \/>\n2 CARCASAS DE 7 PULGADAS CON SUS ACCESORIOS.<br \/>\n2 METROS DE MANGUERA<br \/>\nRACORES CON TUERCA<br \/>\n1 LLAVE DE PASO TIPO REGISTRO<br \/>\n1 T DIVISORA<br \/>\n1 FILTRO CON 2 CAPAS- RETENCI\u00d3N Y CARBON ACTIVADO<br \/>\n1 FILTRO DE LARGA DURACION CARBON BLOQUE COMPACTO.<br \/>\n1 LLAVE DE SERVICIO.<\/p>\n<p>SOMOS MERCADOLIDER<br \/>\nCALIFICACIONES 100% POSITIVAS<\/p>\n<p>EL FILTRO RETIENE SEDIMENTOS Y EL CARB\u00d3N ACTIVADO<br \/>\n. Reduce las caracter\u00edsticas de qu\u00edmicos presentes en el agua, mejora el color, olor y sabor.<br \/>\nDURACI\u00d3N .<br \/>\nPRIMARIO 1.000 G-6 meses aprox.<br \/>\nSECUNDARIO. 1 A\u00d1O<\/p>\n<p>Recibir\u00e1s hermosos filtros purificadores y Ozonizadores de agua, que hacen posible tener siempre a mano el agua pura, libre de cloro, impurezas y bacterias pat\u00f3genas, gracias a los potentes sistemas de filtraci\u00f3n que retienen toda clase de sedimentos, arenillas, algas y residuos s\u00f3lidos, ademas de absorber los qu\u00edmicos presentes en el agua como el cloro y de eliminar toda clase de virus y bacterias microsc\u00f3picos mediante el generador de Ozono que incluye nuestro equipo.<\/p>\n<p>El equipo incluye el sistema micro filtrante, el generador de ozono y todos los accesorios necesarios para la misma, la cual puede efectuarse por cualquier persona, ya que se trata de un procedimiento de f\u00e1cil ejecuci\u00f3n.<\/p>\n<p>El sistema requiere para el funcionamiento un voltaje de 110-125 CA\/60Hz, tiene capacidad de producci\u00f3n de 35mg\/h de Ozono, capacidad de tratamiento de 150L\/h con una presi\u00f3n m\u00e1xima de 100psi.<\/p>\n<p>El moderno dise\u00f1o ofrece elegancia y decoraci\u00f3n a su cocina que se transformara al encender el equipo iluminando el panel frontal en vidrio, disponible en blanco y negro.<\/p>\n<p>GARANT\u00cdA<\/p>\n<p>Un a\u00f1o por defectos de fabricaci\u00f3n.<\/p>\n<p>OBSEQUIO<\/p>\n<p>Recibir\u00e1s la llave de servicio para hacer f\u00e1cilmente el mantenimiento, que debe ser cada 6 meses aproximadamente, dependiendo de la calidad del agua y del uso del equipo.<\/p>\n<p>RECUERDA.<\/p>\n<p>Nuestros equipos poseen potentes filtros capaces de micro filtrar y retener sedimentos, arenillas, algas y toda clase de residuos s\u00f3lidos, adem\u00e1s poseen elementos de carb\u00f3n activado que neutralizan y absorben qu\u00edmicos presentes en el agua como el cloro, luego nuestro Potente generador de Ozono elimina toda clase de bacterias, virus y microorganismos pat\u00f3genos, mejorando la calidad del agua lo cual podr\u00e1s notar con el color y el sabor del liquido precioso.<\/p>\n<p>El agua que consume tu familia debe ser filtrada, pero tambi\u00e9n libre de microorganismos indeseables para tu salud. Hoy puedes lograrlo f\u00e1cilmente instalando uno de nuestros sistemas micro filtrantes generadores de ozono.<\/p>\n<p>No lo pienses mas, adquiere el est\u00e9tico y moderno sistema ozonizador y rec\u00edbelo en tu residencia sin costo adicional, adem\u00e1s recibe un filtro para el primer mantenimiento.<\/p>\n<p>Recuerda que las fotograf\u00edas pueden tener algunas diferencias con el modelo f\u00edsico.<\/p>\n<p>SOMOS MERCADOLIDER<br \/>\nCALIFICACIONES 100% POSITIVAS<\/p>\n<p>Env\u00edo a cargo del comprador<\/p>\n<p>INSTALACI\u00d3N VALOR 70.000 EN BOGOT\u00c1<\/p>\n","protected":false},"excerpt":{"rendered":"<p>EQUIPO PURIFICADOR DE AGUA CUBIERTA EN ACRILICO, DOBLE FILTRACION CON FILTRO DOBLE CAPA RETENCION SEDIMENTOS + CARBON ACTIVADO+ FILTRO DE LARGA DURACION<\/p>\n","protected":false},"featured_media":1980,"comment_status":"open","ping_status":"closed","template":"","meta":{"_uag_custom_page_level_css":"","_monsterinsights_skip_tracking":false,"_monsterinsights_sitenote_active":false,"_monsterinsights_sitenote_note":"","_monsterinsights_sitenote_category":0,"site-sidebar-layout":"default","site-content-layout":"","ast-site-content-layout":"default","site-content-style":"default","site-sidebar-style":"default","ast-global-header-display":"","ast-banner-title-visibility":"","ast-main-header-display":"","ast-hfb-above-header-display":"","ast-hfb-below-header-display":"","ast-hfb-mobile-header-display":"","site-post-title":"","ast-breadcrumbs-content":"","ast-featured-img":"","footer-sml-layout":"","theme-transparent-header-meta":"default","adv-header-id-meta":"","stick-header-meta":"","header-above-stick-meta":"","header-main-stick-meta":"","header-below-stick-meta":"","astra-migrate-meta-layouts":"set","ast-page-background-enabled":"default","ast-page-background-meta":{"desktop":{"background-color":"var(--ast-global-color-4)","background-image":"","background-repeat":"repeat","background-position":"center center","background-size":"auto","background-attachment":"scroll","background-type":"","background-media":"","overlay-type":"","overlay-color":"","overlay-opacity":"","overlay-gradient":""},"tablet":{"background-color":"","background-image":"","background-repeat":"repeat","background-position":"center center","background-size":"auto","background-attachment":"scroll","background-type":"","background-media":"","overlay-type":"","overlay-color":"","overlay-opacity":"","overlay-gradient":""},"mobile":{"background-color":"","background-image":"","background-repeat":"repeat","background-position":"center center","background-size":"auto","background-attachment":"scroll","background-type":"","background-media":"","overlay-type":"","overlay-color":"","overlay-opacity":"","overlay-gradient":""}},"ast-content-background-meta":{"desktop":{"background-color":"var(--ast-global-color-5)","background-image":"","background-repeat":"repeat","background-position":"center center","background-size":"auto","background-attachment":"scroll","background-type":"","background-media":"","overlay-type":"","overlay-color":"","overlay-opacity":"","overlay-gradient":""},"tablet":{"background-color":"var(--ast-global-color-5)","background-image":"","background-repeat":"repeat","background-position":"center center","background-size":"auto","background-attachment":"scroll","background-type":"","background-media":"","overlay-type":"","overlay-color":"","overlay-opacity":"","overlay-gradient":""},"mobile":{"background-color":"var(--ast-global-color-5)","background-image":"","background-repeat":"repeat","background-position":"center center","background-size":"auto","background-attachment":"scroll","background-type":"","background-media":"","overlay-type":"","overlay-color":"","overlay-opacity":"","overlay-gradient":""}}},"product_brand":[],"product_cat":[20],"product_tag":[21,22],"class_list":{"0":"post-86","1":"product","2":"type-product","3":"status-publish","4":"has-post-thumbnail","6":"product_cat-purificadores-de-agua","7":"product_tag-purificador-de-agua","8":"product_tag-purificador-de-agua-con-ozono","9":"desktop-align-left","10":"tablet-align-left","11":"mobile-align-left","13":"first","14":"instock","15":"shipping-taxable","16":"purchasable","17":"product-type-simple"},"aioseo_notices":[],"jetpack_sharing_enabled":true,"uagb_featured_image_src":{"full":["https:\/\/pegmor.com\/wp-content\/uploads\/2023\/10\/Design-Option-B.png",500,500,false],"thumbnail":["https:\/\/pegmor.com\/wp-content\/uploads\/2023\/10\/Design-Option-B-150x150.png",150,150,true],"medium":["https:\/\/pegmor.com\/wp-content\/uploads\/2023\/10\/Design-Option-B-300x300.png",300,300,true],"medium_large":["https:\/\/pegmor.com\/wp-content\/uploads\/2023\/10\/Design-Option-B.png",500,500,false],"large":["https:\/\/pegmor.com\/wp-content\/uploads\/2023\/10\/Design-Option-B.png",500,500,false],"1536x1536":["https:\/\/pegmor.com\/wp-content\/uploads\/2023\/10\/Design-Option-B.png",500,500,false],"2048x2048":["https:\/\/pegmor.com\/wp-content\/uploads\/2023\/10\/Design-Option-B.png",500,500,false],"mailpoet_newsletter_max":["https:\/\/pegmor.com\/wp-content\/uploads\/2023\/10\/Design-Option-B.png",500,500,false],"woocommerce_thumbnail":["https:\/\/pegmor.com\/wp-content\/uploads\/2023\/10\/Design-Option-B-300x300.png",300,300,true],"woocommerce_single":["https:\/\/pegmor.com\/wp-content\/uploads\/2023\/10\/Design-Option-B.png",500,500,false],"woocommerce_gallery_thumbnail":["https:\/\/pegmor.com\/wp-content\/uploads\/2023\/10\/Design-Option-B-100x100.png",100,100,true]},"uagb_author_info":{"display_name":"pegmor-com.preview-domain.com","author_link":"https:\/\/pegmor.com\/index.php\/author\/"},"uagb_comment_info":0,"uagb_excerpt":"EQUIPO PURIFICADOR DE AGUA CUBIERTA EN ACRILICO, DOBLE FILTRACION CON FILTRO DOBLE CAPA RETENCION SEDIMENTOS + CARBON ACTIVADO+ FILTRO DE LARGA DURACION","_links":{"self":[{"href":"https:\/\/pegmor.com\/index.php\/wp-json\/wp\/v2\/product\/86","targetHints":{"allow":["GET"]}}],"collection":[{"href":"https:\/\/pegmor.com\/index.php\/wp-json\/wp\/v2\/product"}],"about":[{"href":"https:\/\/pegmor.com\/index.php\/wp-json\/wp\/v2\/types\/product"}],"replies":[{"embeddable":true,"href":"https:\/\/pegmor.com\/index.php\/wp-json\/wp\/v2\/comments?post=86"}],"wp:featuredmedia":[{"embeddable":true,"href":"https:\/\/pegmor.com\/index.php\/wp-json\/wp\/v2\/media\/1980"}],"wp:attachment":[{"href":"https:\/\/pegmor.com\/index.php\/wp-json\/wp\/v2\/media?parent=86"}],"wp:term":[{"taxonomy":"product_brand","embeddable":true,"href":"https:\/\/pegmor.com\/index.php\/wp-json\/wp\/v2\/product_brand?post=86"},{"taxonomy":"product_cat","embeddable":true,"href":"https:\/\/pegmor.com\/index.php\/wp-json\/wp\/v2\/product_cat?post=86"},{"taxonomy":"product_tag","embeddable":true,"href":"https:\/\/pegmor.com\/index.php\/wp-json\/wp\/v2\/product_tag?post=86"}],"curies":[{"name":"wp","href":"https:\/\/api.w.org\/{rel}","templated":true}]}}