{"id":62,"date":"2023-10-12T15:07:32","date_gmt":"2023-10-12T20:07:32","guid":{"rendered":"https:\/\/pegmor.com\/?post_type=product&#038;p=62"},"modified":"2026-01-07T11:25:13","modified_gmt":"2026-01-07T16:25:13","slug":"filtro-purificador-agua-ozono-triple-filtracion-10-ceramica","status":"publish","type":"product","link":"https:\/\/pegmor.com\/index.php\/product\/filtro-purificador-agua-ozono-triple-filtracion-10-ceramica\/","title":{"rendered":"Filtro Purificador Agua Ozono Triple Filtracion 10 +ceramica"},"content":{"rendered":"<p>PURIFICADOR DE AGUA CON SISTEMA DE TRIPLE FILTRACI\u00d3N M\u00c1XIMA KIT DE 10 PULGADAS, RETENCI\u00d3N DE SEDIMENTOS+FILTRO MULTICAPA CON MINERALES.<br \/>\nPuedes ver el contenido de la compra en la foto 2 y elegir el modelo deseado por mensaje.<\/p>\n<p>EL FILTRO DE CER\u00c1MICA ELIMINA COLI, GIARDIAS,SALMONELLA Y MUCHAS MAS BACTERIAS.<\/p>\n<p>DISPONIBLES<\/p>\n<p>RECUERDA SOLICITARNOS POR MENSAJE EL MODELO DESEADO, TAN PRONTO LEGALICES LA COMPRA.<\/p>\n<p>RECIBIR\u00c1S.<\/p>\n<p>-EL EQUIPO GENERADOR DE OZONO CON EL MODELO QUE DESEES.<br \/>\n-KIT COMPLETO DE INSTALACI\u00d3N COMPUESTO POR:<br \/>\n-3 CARCASAS DE 10 PULGADAS.<br \/>\n-1 FILTRO LAVABLE DE CER\u00c1MICA LAVABLE QUE ELIMINA 99.9% DE BACTERIAS, coli, salmonella, giardias, etc<br \/>\n-1 FILTRO PARA RETENCI\u00d3N DE SEDIMENTOS.<br \/>\n-1 FILTRO MULTICAPAS CON CARB\u00d3N ACTIVADO Y MINERALES.<br \/>\n-2 METROS DE MANGUERA.<br \/>\n-KIT DE RACORES, LLAVE DE PASO, T DERIVACI\u00d3N, RACORES PARA UNIR LAS 3 CARCASA EN TREN.<\/p>\n<p>OBSEQUIOS.<br \/>\n-1 FILTRO DE SEDIMENTOS. DEBES REEMPLAZARLO EN 6 MESES APROX.<br \/>\n-1 FILTRO MULTICAPA CON MINERALES.<br \/>\n-LLAVE DE SERVICIO. PODR\u00c1S HACER EL MANTENIMIENTO F\u00c1CILMENTE<\/p>\n<p>SOMOS MERCADOLIDER<br \/>\nCALIFICACIONES 100% POSITIVAS<\/p>\n<p>Recibir\u00e1s hermosos filtros purificadores y Ozonizadores de agua, que hacen posible tener siempre a mano el agua pura, libre de cloro, impurezas y bacterias pat\u00f3genas, gracias a los potentes sistemas de filtraci\u00f3n que retienen toda clase de sedimentos, arenillas, algas y residuos s\u00f3lidos, ademas de absorber los qu\u00edmicos presentes en el agua como el cloro y de eliminar toda clase de virus y bacterias microsc\u00f3picos mediante el generador de Ozono que incluye nuestro equipo.<\/p>\n<p>El equipo incluye el sistema micro filtrante, el generador de ozono, el manual explicativo de instalaciones y todos los accesorios necesarios para la misma, la cual puede efectuarse por cualquier persona, ya que se trata de un procedimiento de f\u00e1cil ejecuci\u00f3n.<\/p>\n<p>El sistema requiere para el funcionamiento un voltaje de 110-125 CA\/60Hz, tiene capacidad de producci\u00f3n de 35mg\/h de Ozono, capacidad de tratamiento de 150L\/h con una presi\u00f3n m\u00e1xima de 100psi.<\/p>\n<p>El moderno dise\u00f1o ofrece elegancia y decoraci\u00f3n a su cocina que se transformara al encender el equipo iluminando el panel frontal en vidrio, disponible en blanco y negro.<br \/>\nEL FILTRO DE CER\u00c1MICA ELIMINA 99.9 DE BACTERIAS.<\/p>\n<p>FILTRO DE CER\u00c1MICA DE 10 PULGADAS<br \/>\nFabricado en material de alta calidad puede eliminar eficazmente todos los s\u00f3lidos suspendidos, coloidales y bacterias del agua en condiciones neutras, \u00e1cidas y alcalinas.<br \/>\nAplicaci\u00f3n: Purificaci\u00f3n de agua natural potable, suministro de agua subterr\u00e1nea.<br \/>\nReducci\u00f3n de las bacterias, quistes, sedimentos.<br \/>\nMicron Rating (nominal): 0.5-0.8 m<br \/>\nMicron Rating (Absoluto): 0,9 m<br \/>\nPresi\u00f3n de trabajo: m\u00edn. 10 psi, Max. 125 piezas<br \/>\nTemperatura de funcionamiento: 5-38 grados<\/p>\n<p>Capacidad para la eliminaci\u00f3n de la siguiente manera:<br \/>\n&gt; 99,99% de las part\u00edculas mayor que 0,9 micras<br \/>\n&gt; 99% de las part\u00edculas mayor que 0,5 micras<br \/>\n&gt; 99,99% de E. coli bacteria<br \/>\n&gt; 99,99% bacterias fecales<br \/>\n&gt; 99,999% de Salmonella typhi<br \/>\n&gt; 99,99% Vibrio cholerae<br \/>\n&gt; 99,999% Klebsiella terrigena<br \/>\n&gt; 99,999% Shigella disinteriae<br \/>\n&gt; 99,99% Serratia marcescenes<br \/>\n100% de los quistes de Cryptosporidium<br \/>\n100% de los quistes de Giardia<\/p>\n<p>FILTRO MULTICAPAS CON MINERALES<br \/>\nCONTIENE PIEDRAS MINERALES Y CARB\u00d3N ACTIVADO GRANULADO .<br \/>\nALTO RANGO DE RETENCI\u00d3N DE SEDIMENTOS Y CLORO.<br \/>\nNO DESPRENDEN CENIZA.<br \/>\nREDUCEN OLORES Y SABORES CONTAMINANTES.<br \/>\nMEJORAN EL OLOR, SABOR Y COLOR DEL AGUA.<\/p>\n<p>El Filtro multicapa tiene las siguientes etapas de filtraci\u00f3n.<br \/>\n1- Retenci\u00f3n de sedimentos hasta 5 micras.<br \/>\n2-ZEOLITA<br \/>\n.filtrante natural intercambiador de iones, en cuyo proceso se absorben los contaminantes, purificando, filtrando y neutralizando elementos s\u00f3lidos y metales pesados.<br \/>\n3- CALCITA.<br \/>\nCorrige y eleva el PH de aguas \u00e1cidas, filtra sedimentos y alcaliniza el agua.<br \/>\n4_ CARB\u00d3N ACTIVADO<br \/>\n. Reduce las caracter\u00edsticas de qu\u00edmicos presentes en el agua, mejora el color, olor y sabor.<br \/>\nDURACI\u00d3N .<br \/>\n2.000 L. 8 meses aprox.<br \/>\nGARANT\u00cdA<\/p>\n<p>Un a\u00f1o por defectos de fabricaci\u00f3n.<\/p>\n<p>RECUERDA<br \/>\nEl agua que consume tu familia debe ser filtrada, pero tambi\u00e9n libre de microorganismos indeseables para tu salud. Hoy puedes lograrlo f\u00e1cilmente instalando uno de nuestros sistemas micro filtrantes generadores de ozono.<\/p>\n<p>No lo pienses mas, adquiere el est\u00e9tico y moderno sistema ozonizador y recibelo en tu residencia sin costo adicional, ademas recibe un filtro para el primer mantenimiento.<\/p>\n<p>Recuerda que las fotograf\u00edas pueden tener algunas diferencias con el modelo f\u00edsico.<\/p>\n<p>Env\u00edo a cargo del comprador<\/p>\n<p>INSTALACI\u00d3N VALOR 70.000 EN BOGOT\u00c1<\/p>\n","protected":false},"excerpt":{"rendered":"<p>PURIFICADOR DE AGUA CON SISTEMA DE TRIPLE FILTRACI\u00d3N M\u00c1XIMA KIT DE 10 PULGADAS, RETENCI\u00d3N DE SEDIMENTOS+FILTRO MULTICAPA CON MINERALES.<\/p>\n","protected":false},"featured_media":1980,"comment_status":"open","ping_status":"closed","template":"","meta":{"_uag_custom_page_level_css":"","_monsterinsights_skip_tracking":false,"_monsterinsights_sitenote_active":false,"_monsterinsights_sitenote_note":"","_monsterinsights_sitenote_category":0,"site-sidebar-layout":"default","site-content-layout":"","ast-site-content-layout":"default","site-content-style":"default","site-sidebar-style":"default","ast-global-header-display":"","ast-banner-title-visibility":"","ast-main-header-display":"","ast-hfb-above-header-display":"","ast-hfb-below-header-display":"","ast-hfb-mobile-header-display":"","site-post-title":"","ast-breadcrumbs-content":"","ast-featured-img":"","footer-sml-layout":"","theme-transparent-header-meta":"default","adv-header-id-meta":"","stick-header-meta":"","header-above-stick-meta":"","header-main-stick-meta":"","header-below-stick-meta":"","astra-migrate-meta-layouts":"set","ast-page-background-enabled":"default","ast-page-background-meta":{"desktop":{"background-color":"var(--ast-global-color-4)","background-image":"","background-repeat":"repeat","background-position":"center center","background-size":"auto","background-attachment":"scroll","background-type":"","background-media":"","overlay-type":"","overlay-color":"","overlay-opacity":"","overlay-gradient":""},"tablet":{"background-color":"","background-image":"","background-repeat":"repeat","background-position":"center center","background-size":"auto","background-attachment":"scroll","background-type":"","background-media":"","overlay-type":"","overlay-color":"","overlay-opacity":"","overlay-gradient":""},"mobile":{"background-color":"","background-image":"","background-repeat":"repeat","background-position":"center center","background-size":"auto","background-attachment":"scroll","background-type":"","background-media":"","overlay-type":"","overlay-color":"","overlay-opacity":"","overlay-gradient":""}},"ast-content-background-meta":{"desktop":{"background-color":"var(--ast-global-color-5)","background-image":"","background-repeat":"repeat","background-position":"center center","background-size":"auto","background-attachment":"scroll","background-type":"","background-media":"","overlay-type":"","overlay-color":"","overlay-opacity":"","overlay-gradient":""},"tablet":{"background-color":"var(--ast-global-color-5)","background-image":"","background-repeat":"repeat","background-position":"center center","background-size":"auto","background-attachment":"scroll","background-type":"","background-media":"","overlay-type":"","overlay-color":"","overlay-opacity":"","overlay-gradient":""},"mobile":{"background-color":"var(--ast-global-color-5)","background-image":"","background-repeat":"repeat","background-position":"center center","background-size":"auto","background-attachment":"scroll","background-type":"","background-media":"","overlay-type":"","overlay-color":"","overlay-opacity":"","overlay-gradient":""}}},"product_brand":[],"product_cat":[20],"product_tag":[21,22],"class_list":{"0":"post-62","1":"product","2":"type-product","3":"status-publish","4":"has-post-thumbnail","6":"product_cat-purificadores-de-agua","7":"product_tag-purificador-de-agua","8":"product_tag-purificador-de-agua-con-ozono","9":"desktop-align-left","10":"tablet-align-left","11":"mobile-align-left","13":"first","14":"instock","15":"shipping-taxable","16":"purchasable","17":"product-type-simple"},"aioseo_notices":[],"jetpack_sharing_enabled":true,"uagb_featured_image_src":{"full":["https:\/\/pegmor.com\/wp-content\/uploads\/2023\/10\/Design-Option-B.png",500,500,false],"thumbnail":["https:\/\/pegmor.com\/wp-content\/uploads\/2023\/10\/Design-Option-B-150x150.png",150,150,true],"medium":["https:\/\/pegmor.com\/wp-content\/uploads\/2023\/10\/Design-Option-B-300x300.png",300,300,true],"medium_large":["https:\/\/pegmor.com\/wp-content\/uploads\/2023\/10\/Design-Option-B.png",500,500,false],"large":["https:\/\/pegmor.com\/wp-content\/uploads\/2023\/10\/Design-Option-B.png",500,500,false],"1536x1536":["https:\/\/pegmor.com\/wp-content\/uploads\/2023\/10\/Design-Option-B.png",500,500,false],"2048x2048":["https:\/\/pegmor.com\/wp-content\/uploads\/2023\/10\/Design-Option-B.png",500,500,false],"mailpoet_newsletter_max":["https:\/\/pegmor.com\/wp-content\/uploads\/2023\/10\/Design-Option-B.png",500,500,false],"woocommerce_thumbnail":["https:\/\/pegmor.com\/wp-content\/uploads\/2023\/10\/Design-Option-B-300x300.png",300,300,true],"woocommerce_single":["https:\/\/pegmor.com\/wp-content\/uploads\/2023\/10\/Design-Option-B.png",500,500,false],"woocommerce_gallery_thumbnail":["https:\/\/pegmor.com\/wp-content\/uploads\/2023\/10\/Design-Option-B-100x100.png",100,100,true]},"uagb_author_info":{"display_name":"pegmor-com.preview-domain.com","author_link":"https:\/\/pegmor.com\/index.php\/author\/"},"uagb_comment_info":0,"uagb_excerpt":"PURIFICADOR DE AGUA CON SISTEMA DE TRIPLE FILTRACI\u00d3N M\u00c1XIMA KIT DE 10 PULGADAS, RETENCI\u00d3N DE SEDIMENTOS+FILTRO MULTICAPA CON MINERALES.","_links":{"self":[{"href":"https:\/\/pegmor.com\/index.php\/wp-json\/wp\/v2\/product\/62","targetHints":{"allow":["GET"]}}],"collection":[{"href":"https:\/\/pegmor.com\/index.php\/wp-json\/wp\/v2\/product"}],"about":[{"href":"https:\/\/pegmor.com\/index.php\/wp-json\/wp\/v2\/types\/product"}],"replies":[{"embeddable":true,"href":"https:\/\/pegmor.com\/index.php\/wp-json\/wp\/v2\/comments?post=62"}],"wp:featuredmedia":[{"embeddable":true,"href":"https:\/\/pegmor.com\/index.php\/wp-json\/wp\/v2\/media\/1980"}],"wp:attachment":[{"href":"https:\/\/pegmor.com\/index.php\/wp-json\/wp\/v2\/media?parent=62"}],"wp:term":[{"taxonomy":"product_brand","embeddable":true,"href":"https:\/\/pegmor.com\/index.php\/wp-json\/wp\/v2\/product_brand?post=62"},{"taxonomy":"product_cat","embeddable":true,"href":"https:\/\/pegmor.com\/index.php\/wp-json\/wp\/v2\/product_cat?post=62"},{"taxonomy":"product_tag","embeddable":true,"href":"https:\/\/pegmor.com\/index.php\/wp-json\/wp\/v2\/product_tag?post=62"}],"curies":[{"name":"wp","href":"https:\/\/api.w.org\/{rel}","templated":true}]}}