{"id":233,"date":"2023-10-18T12:56:31","date_gmt":"2023-10-18T17:56:31","guid":{"rendered":"https:\/\/pegmor.com\/?post_type=product&#038;p=233"},"modified":"2026-03-03T11:14:11","modified_gmt":"2026-03-03T16:14:11","slug":"ducha-ozono-purificador-agua-bano-tr-kg","status":"publish","type":"product","link":"https:\/\/pegmor.com\/index.php\/product\/ducha-ozono-purificador-agua-bano-tr-kg\/","title":{"rendered":"Ducha Ozono Purificador Agua Ba\u00f1o con Filtro"},"content":{"rendered":"<p>DUCHA OZONO CON FILTRO CARBON ACTIVADO.<br \/>\nEspecial para personas con problemas en la piel.<br \/>\nEl Ozono es un excelente bactericida que elimina \u00e1caros y pat\u00f3genos presentes en el agua.<br \/>\nEl equipo incluye sistema de filtraci\u00f3n con retenci\u00f3n de sedimentos y carb\u00f3n activado, que ELIMINA CARACTER\u00cdSTICAS DE QU\u00cdMICOS presentes en el agua, como el cloro que ataca y reseca la piel.<br \/>\nLa temperatura del agua que obtendras sera la misma que le ingrese al equipo.<br \/>\nLa instalaci\u00f3n se hace remplazando la ducha del ba\u00f1o, es decir, quitas la actual y ah\u00ed mismo enroscas la ducha ozono.<br \/>\nRequieres toma corriente o instalaci\u00f3n de 110v para hacer la conexi\u00f3n.<\/p>\n<p>RECIBIR\u00c1S<\/p>\n<p>DUCHA OZONO<br \/>\nFILTRO CON CARB\u00d3N ACTIVADO<\/p>\n<p>&nbsp;<\/p>\n<p>Env\u00edo a cargo del comprador<\/p>\n<p>SOMOS PEGMOR<\/p>\n<p>Mercadolider Colombia<\/p>\n","protected":false},"excerpt":{"rendered":"<p>DUCHA OZONO CON FILTRO CARBON ACTIVADO.<br \/>\nEspecial para personas con problemas en la piel.<br \/>\nEl Ozono es un excelente bactericida que elimina \u00e1caros y pat\u00f3genos presentes en el agua.<br \/>\nEl equipo incluye sistema de filtraci\u00f3n con retenci\u00f3n de sedimentos y carb\u00f3n activado, que ELIMINA CARACTER\u00cdSTICAS DE QU\u00cdMICOS presentes en el agua, como el cloro que ataca y reseca la piel.<br \/>\nLa temperatura del agua que obtendras sera la misma que le ingrese al equipo.<br \/>\nLa instalaci\u00f3n se hace remplazando la ducha del ba\u00f1o, es decir, quitas la actual y ah\u00ed mismo enroscas la ducha ozono.<br \/>\nRequieres toma corriente o instalaci\u00f3n de 110v para hacer la conexi\u00f3n.<\/p>\n<p>RECIBIR\u00c1S<\/p>\n<p>DUCHA OZONO<br \/>\nFILTRO CON CARB\u00d3N ACTIVADO<\/p>\n","protected":false},"featured_media":234,"comment_status":"open","ping_status":"closed","template":"","meta":{"_uag_custom_page_level_css":"","_monsterinsights_skip_tracking":false,"_monsterinsights_sitenote_active":false,"_monsterinsights_sitenote_note":"","_monsterinsights_sitenote_category":0,"site-sidebar-layout":"default","site-content-layout":"","ast-site-content-layout":"default","site-content-style":"default","site-sidebar-style":"default","ast-global-header-display":"","ast-banner-title-visibility":"","ast-main-header-display":"","ast-hfb-above-header-display":"","ast-hfb-below-header-display":"","ast-hfb-mobile-header-display":"","site-post-title":"","ast-breadcrumbs-content":"","ast-featured-img":"","footer-sml-layout":"","theme-transparent-header-meta":"default","adv-header-id-meta":"","stick-header-meta":"","header-above-stick-meta":"","header-main-stick-meta":"","header-below-stick-meta":"","astra-migrate-meta-layouts":"set","ast-page-background-enabled":"default","ast-page-background-meta":{"desktop":{"background-color":"var(--ast-global-color-4)","background-image":"","background-repeat":"repeat","background-position":"center center","background-size":"auto","background-attachment":"scroll","background-type":"","background-media":"","overlay-type":"","overlay-color":"","overlay-opacity":"","overlay-gradient":""},"tablet":{"background-color":"","background-image":"","background-repeat":"repeat","background-position":"center center","background-size":"auto","background-attachment":"scroll","background-type":"","background-media":"","overlay-type":"","overlay-color":"","overlay-opacity":"","overlay-gradient":""},"mobile":{"background-color":"","background-image":"","background-repeat":"repeat","background-position":"center center","background-size":"auto","background-attachment":"scroll","background-type":"","background-media":"","overlay-type":"","overlay-color":"","overlay-opacity":"","overlay-gradient":""}},"ast-content-background-meta":{"desktop":{"background-color":"var(--ast-global-color-5)","background-image":"","background-repeat":"repeat","background-position":"center center","background-size":"auto","background-attachment":"scroll","background-type":"","background-media":"","overlay-type":"","overlay-color":"","overlay-opacity":"","overlay-gradient":""},"tablet":{"background-color":"var(--ast-global-color-5)","background-image":"","background-repeat":"repeat","background-position":"center center","background-size":"auto","background-attachment":"scroll","background-type":"","background-media":"","overlay-type":"","overlay-color":"","overlay-opacity":"","overlay-gradient":""},"mobile":{"background-color":"var(--ast-global-color-5)","background-image":"","background-repeat":"repeat","background-position":"center center","background-size":"auto","background-attachment":"scroll","background-type":"","background-media":"","overlay-type":"","overlay-color":"","overlay-opacity":"","overlay-gradient":""}}},"product_brand":[],"product_cat":[92],"product_tag":[76,74,21,75],"class_list":{"0":"post-233","1":"product","2":"type-product","3":"status-publish","4":"has-post-thumbnail","6":"product_cat-ducha-ozono","7":"product_tag-ducha","8":"product_tag-ducha-ozono","9":"product_tag-purificador-de-agua","10":"product_tag-purificador-de-ozono","11":"desktop-align-left","12":"tablet-align-left","13":"mobile-align-left","15":"first","16":"instock","17":"sale","18":"shipping-taxable","19":"purchasable","20":"product-type-simple"},"aioseo_notices":[],"jetpack_sharing_enabled":true,"uagb_featured_image_src":{"full":["https:\/\/pegmor.com\/wp-content\/uploads\/2023\/10\/E-1.webp",581,486,false],"thumbnail":["https:\/\/pegmor.com\/wp-content\/uploads\/2023\/10\/E-1-150x150.webp",150,150,true],"medium":["https:\/\/pegmor.com\/wp-content\/uploads\/2023\/10\/E-1-300x251.webp",300,251,true],"medium_large":["https:\/\/pegmor.com\/wp-content\/uploads\/2023\/10\/E-1.webp",581,486,false],"large":["https:\/\/pegmor.com\/wp-content\/uploads\/2023\/10\/E-1.webp",581,486,false],"1536x1536":["https:\/\/pegmor.com\/wp-content\/uploads\/2023\/10\/E-1.webp",581,486,false],"2048x2048":["https:\/\/pegmor.com\/wp-content\/uploads\/2023\/10\/E-1.webp",581,486,false],"mailpoet_newsletter_max":["https:\/\/pegmor.com\/wp-content\/uploads\/2023\/10\/E-1.webp",581,486,false],"woocommerce_thumbnail":["https:\/\/pegmor.com\/wp-content\/uploads\/2023\/10\/E-1-300x251.webp",300,251,true],"woocommerce_single":["https:\/\/pegmor.com\/wp-content\/uploads\/2023\/10\/E-1.webp",581,486,false],"woocommerce_gallery_thumbnail":["https:\/\/pegmor.com\/wp-content\/uploads\/2023\/10\/E-1-100x100.webp",100,100,true]},"uagb_author_info":{"display_name":"pegmor-com.preview-domain.com","author_link":"https:\/\/pegmor.com\/index.php\/author\/"},"uagb_comment_info":0,"uagb_excerpt":"DUCHA OZONO CON FILTRO CARBON ACTIVADO. Especial para personas con problemas en la piel. El Ozono es un excelente bactericida que elimina \u00e1caros y pat\u00f3genos presentes en el agua. El equipo incluye sistema de filtraci\u00f3n con retenci\u00f3n de sedimentos y carb\u00f3n activado, que ELIMINA CARACTER\u00cdSTICAS DE QU\u00cdMICOS presentes en el agua, como el cloro que&hellip;","_links":{"self":[{"href":"https:\/\/pegmor.com\/index.php\/wp-json\/wp\/v2\/product\/233","targetHints":{"allow":["GET"]}}],"collection":[{"href":"https:\/\/pegmor.com\/index.php\/wp-json\/wp\/v2\/product"}],"about":[{"href":"https:\/\/pegmor.com\/index.php\/wp-json\/wp\/v2\/types\/product"}],"replies":[{"embeddable":true,"href":"https:\/\/pegmor.com\/index.php\/wp-json\/wp\/v2\/comments?post=233"}],"wp:featuredmedia":[{"embeddable":true,"href":"https:\/\/pegmor.com\/index.php\/wp-json\/wp\/v2\/media\/234"}],"wp:attachment":[{"href":"https:\/\/pegmor.com\/index.php\/wp-json\/wp\/v2\/media?parent=233"}],"wp:term":[{"taxonomy":"product_brand","embeddable":true,"href":"https:\/\/pegmor.com\/index.php\/wp-json\/wp\/v2\/product_brand?post=233"},{"taxonomy":"product_cat","embeddable":true,"href":"https:\/\/pegmor.com\/index.php\/wp-json\/wp\/v2\/product_cat?post=233"},{"taxonomy":"product_tag","embeddable":true,"href":"https:\/\/pegmor.com\/index.php\/wp-json\/wp\/v2\/product_tag?post=233"}],"curies":[{"name":"wp","href":"https:\/\/api.w.org\/{rel}","templated":true}]}}