{"id":231,"date":"2023-10-18T12:53:13","date_gmt":"2023-10-18T17:53:13","guid":{"rendered":"https:\/\/pegmor.com\/?post_type=product&#038;p=231"},"modified":"2025-09-02T14:03:55","modified_gmt":"2025-09-02T19:03:55","slug":"rodachinas-silla-giratoria-ruedas-protege-rodachinespisoduro","status":"publish","type":"product","link":"https:\/\/pegmor.com\/index.php\/product\/rodachinas-silla-giratoria-ruedas-protege-rodachinespisoduro\/","title":{"rendered":"Rodachinas Silla Giratoria Ruedas Protege Rodachinespisoduro"},"content":{"rendered":"<p>RODACHINAS PISO DURO.<br \/>\nPARA TODO TIPO DE SILLAS GIRATORIAS.<br \/>\nPARA TODO TIPO DE PISOS.<br \/>\nPROTEGEN TU PISO DE RAYONES<br \/>\nEJE CENTRAL EN ACERO.<br \/>\nEJE SOPORTE EN ACERO.<br \/>\nMEDIDA EST\u00c1NDAR 50MM.<br \/>\nEN VIO POR MENSAJERIA. PUEDES PAGAR EL SERVICIO CONTRAENTREGA.<br \/>\nF\u00c1CIL INSTALACI\u00d3N.<\/p>\n<p>SOMOS MERCADOLIDER<\/p>\n<p>Env\u00edo a cargo del comprador<\/p>\n","protected":false},"excerpt":{"rendered":"<p>RODACHINAS PISO DURO.<br \/>\nPARA TODO TIPO DE SILLAS GIRATORIAS.<br \/>\nPARA TODO TIPO DE PISOS.<br \/>\nPROTEGEN TU PISO DE RAYONES<br \/>\nEJE CENTRAL EN ACERO.<br \/>\nEJE SOPORTE EN ACERO.<br \/>\nMEDIDA EST\u00c1NDAR 50MM.<br \/>\nEN VIO POR MENSAJERIA. PUEDES PAGAR EL SERVICIO CONTRAENTREGA.<br \/>\nF\u00c1CIL INSTALACI\u00d3N.<\/p>\n<p>SOMOS MERCADOLIDER<\/p>\n","protected":false},"featured_media":232,"comment_status":"open","ping_status":"closed","template":"","meta":{"_uag_custom_page_level_css":"","_monsterinsights_skip_tracking":false,"_monsterinsights_sitenote_active":false,"_monsterinsights_sitenote_note":"","_monsterinsights_sitenote_category":0,"site-sidebar-layout":"default","site-content-layout":"","ast-site-content-layout":"default","site-content-style":"default","site-sidebar-style":"default","ast-global-header-display":"","ast-banner-title-visibility":"","ast-main-header-display":"","ast-hfb-above-header-display":"","ast-hfb-below-header-display":"","ast-hfb-mobile-header-display":"","site-post-title":"","ast-breadcrumbs-content":"","ast-featured-img":"","footer-sml-layout":"","theme-transparent-header-meta":"default","adv-header-id-meta":"","stick-header-meta":"","header-above-stick-meta":"","header-main-stick-meta":"","header-below-stick-meta":"","astra-migrate-meta-layouts":"set","ast-page-background-enabled":"default","ast-page-background-meta":{"desktop":{"background-color":"var(--ast-global-color-4)","background-image":"","background-repeat":"repeat","background-position":"center center","background-size":"auto","background-attachment":"scroll","background-type":"","background-media":"","overlay-type":"","overlay-color":"","overlay-opacity":"","overlay-gradient":""},"tablet":{"background-color":"","background-image":"","background-repeat":"repeat","background-position":"center center","background-size":"auto","background-attachment":"scroll","background-type":"","background-media":"","overlay-type":"","overlay-color":"","overlay-opacity":"","overlay-gradient":""},"mobile":{"background-color":"","background-image":"","background-repeat":"repeat","background-position":"center center","background-size":"auto","background-attachment":"scroll","background-type":"","background-media":"","overlay-type":"","overlay-color":"","overlay-opacity":"","overlay-gradient":""}},"ast-content-background-meta":{"desktop":{"background-color":"var(--ast-global-color-5)","background-image":"","background-repeat":"repeat","background-position":"center center","background-size":"auto","background-attachment":"scroll","background-type":"","background-media":"","overlay-type":"","overlay-color":"","overlay-opacity":"","overlay-gradient":""},"tablet":{"background-color":"var(--ast-global-color-5)","background-image":"","background-repeat":"repeat","background-position":"center center","background-size":"auto","background-attachment":"scroll","background-type":"","background-media":"","overlay-type":"","overlay-color":"","overlay-opacity":"","overlay-gradient":""},"mobile":{"background-color":"var(--ast-global-color-5)","background-image":"","background-repeat":"repeat","background-position":"center center","background-size":"auto","background-attachment":"scroll","background-type":"","background-media":"","overlay-type":"","overlay-color":"","overlay-opacity":"","overlay-gradient":""}}},"product_brand":[],"product_cat":[37],"product_tag":[46,73],"class_list":{"0":"post-231","1":"product","2":"type-product","3":"status-publish","4":"has-post-thumbnail","6":"product_cat-sillas-y-oficinas","7":"product_tag-rodachinas","8":"product_tag-rodachinas-piso-duro","9":"desktop-align-left","10":"tablet-align-left","11":"mobile-align-left","13":"first","14":"instock","15":"sale","16":"shipping-taxable","17":"purchasable","18":"product-type-simple"},"aioseo_notices":[],"jetpack_sharing_enabled":true,"uagb_featured_image_src":{"full":["https:\/\/pegmor.com\/wp-content\/uploads\/2023\/10\/25silla.webp",629,296,false],"thumbnail":["https:\/\/pegmor.com\/wp-content\/uploads\/2023\/10\/25silla-150x150.webp",150,150,true],"medium":["https:\/\/pegmor.com\/wp-content\/uploads\/2023\/10\/25silla-300x141.webp",300,141,true],"medium_large":["https:\/\/pegmor.com\/wp-content\/uploads\/2023\/10\/25silla.webp",629,296,false],"large":["https:\/\/pegmor.com\/wp-content\/uploads\/2023\/10\/25silla.webp",629,296,false],"1536x1536":["https:\/\/pegmor.com\/wp-content\/uploads\/2023\/10\/25silla.webp",629,296,false],"2048x2048":["https:\/\/pegmor.com\/wp-content\/uploads\/2023\/10\/25silla.webp",629,296,false],"mailpoet_newsletter_max":["https:\/\/pegmor.com\/wp-content\/uploads\/2023\/10\/25silla.webp",629,296,false],"woocommerce_thumbnail":["https:\/\/pegmor.com\/wp-content\/uploads\/2023\/10\/25silla-300x141.webp",300,141,true],"woocommerce_single":["https:\/\/pegmor.com\/wp-content\/uploads\/2023\/10\/25silla-600x282.webp",600,282,true],"woocommerce_gallery_thumbnail":["https:\/\/pegmor.com\/wp-content\/uploads\/2023\/10\/25silla-100x100.webp",100,100,true]},"uagb_author_info":{"display_name":"pegmor-com.preview-domain.com","author_link":"https:\/\/pegmor.com\/index.php\/author\/"},"uagb_comment_info":0,"uagb_excerpt":"RODACHINAS PISO DURO. PARA TODO TIPO DE SILLAS GIRATORIAS. PARA TODO TIPO DE PISOS. PROTEGEN TU PISO DE RAYONES EJE CENTRAL EN ACERO. EJE SOPORTE EN ACERO. MEDIDA EST\u00c1NDAR 50MM. EN VIO POR MENSAJERIA. PUEDES PAGAR EL SERVICIO CONTRAENTREGA. F\u00c1CIL INSTALACI\u00d3N. SOMOS MERCADOLIDER","_links":{"self":[{"href":"https:\/\/pegmor.com\/index.php\/wp-json\/wp\/v2\/product\/231","targetHints":{"allow":["GET"]}}],"collection":[{"href":"https:\/\/pegmor.com\/index.php\/wp-json\/wp\/v2\/product"}],"about":[{"href":"https:\/\/pegmor.com\/index.php\/wp-json\/wp\/v2\/types\/product"}],"replies":[{"embeddable":true,"href":"https:\/\/pegmor.com\/index.php\/wp-json\/wp\/v2\/comments?post=231"}],"wp:featuredmedia":[{"embeddable":true,"href":"https:\/\/pegmor.com\/index.php\/wp-json\/wp\/v2\/media\/232"}],"wp:attachment":[{"href":"https:\/\/pegmor.com\/index.php\/wp-json\/wp\/v2\/media?parent=231"}],"wp:term":[{"taxonomy":"product_brand","embeddable":true,"href":"https:\/\/pegmor.com\/index.php\/wp-json\/wp\/v2\/product_brand?post=231"},{"taxonomy":"product_cat","embeddable":true,"href":"https:\/\/pegmor.com\/index.php\/wp-json\/wp\/v2\/product_cat?post=231"},{"taxonomy":"product_tag","embeddable":true,"href":"https:\/\/pegmor.com\/index.php\/wp-json\/wp\/v2\/product_tag?post=231"}],"curies":[{"name":"wp","href":"https:\/\/api.w.org\/{rel}","templated":true}]}}