{"id":218,"date":"2023-10-18T12:39:57","date_gmt":"2023-10-18T17:39:57","guid":{"rendered":"https:\/\/pegmor.com\/?post_type=product&#038;p=218"},"modified":"2025-09-02T14:05:44","modified_gmt":"2025-09-02T19:05:44","slug":"descansapies-apoyapies-con-superficie-antideslizante","status":"publish","type":"product","link":"https:\/\/pegmor.com\/index.php\/product\/descansapies-apoyapies-con-superficie-antideslizante\/","title":{"rendered":"Descansapies Apoyapies Con Superficie Antideslizante"},"content":{"rendered":"<p>ESCANSA PIES APOYA PIES ERGON\u00d3MICO.<\/p>\n<p>SOMOS MERCADOLIDER<br \/>\nCALIFICACIONES 100% POSITIVAS<\/p>\n<p>Su uso reduce la fatiga y la tensi\u00f3n muscular, evitando as\u00ed dolores de espalda y piernas, previene las varices y ayuda al correcto flujo sangu\u00edneo.<br \/>\nElaborado en mdf con enchapes externos en f\u00f3rmica negra y superficie antideslizante, protectores de piso en polipropileno.<br \/>\nMedidas.<br \/>\n0.39 m frente<br \/>\n0.30 m fondo<br \/>\n0.9 m y 0.13 m alturas.<br \/>\nGARANTIA. 12 meses por defectos de fabrica.<\/p>\n<p>VARIAS UNIDADES DISPONIBLES.<\/p>\n<p>Env\u00edo a cargo del comprador<\/p>\n","protected":false},"excerpt":{"rendered":"<p>ESCANSA PIES APOYA PIES ERGON\u00d3MICO.<\/p>\n<p>SOMOS MERCADOLIDER<br \/>\nCALIFICACIONES 100% POSITIVAS<\/p>\n<p>Su uso reduce la fatiga y la tensi\u00f3n muscular, evitando as\u00ed dolores de espalda y piernas, previene las varices y ayuda al correcto flujo sangu\u00edneo.<br \/>\nElaborado en mdf con enchapes externos en f\u00f3rmica negra y superficie antideslizante, protectores de piso en polipropileno.<br \/>\nMedidas.<br \/>\n0.39 m frente<br \/>\n0.30 m fondo<br \/>\n0.9 m y 0.13 m alturas.<br \/>\nGARANTIA. 12 meses por defectos de fabrica.<\/p>\n<p>VARIAS UNIDADES DISPONIBLES.<\/p>\n","protected":false},"featured_media":219,"comment_status":"open","ping_status":"closed","template":"","meta":{"_uag_custom_page_level_css":"","_monsterinsights_skip_tracking":false,"_monsterinsights_sitenote_active":false,"_monsterinsights_sitenote_note":"","_monsterinsights_sitenote_category":0,"site-sidebar-layout":"default","site-content-layout":"","ast-site-content-layout":"default","site-content-style":"default","site-sidebar-style":"default","ast-global-header-display":"","ast-banner-title-visibility":"","ast-main-header-display":"","ast-hfb-above-header-display":"","ast-hfb-below-header-display":"","ast-hfb-mobile-header-display":"","site-post-title":"","ast-breadcrumbs-content":"","ast-featured-img":"","footer-sml-layout":"","theme-transparent-header-meta":"default","adv-header-id-meta":"","stick-header-meta":"","header-above-stick-meta":"","header-main-stick-meta":"","header-below-stick-meta":"","astra-migrate-meta-layouts":"set","ast-page-background-enabled":"default","ast-page-background-meta":{"desktop":{"background-color":"var(--ast-global-color-4)","background-image":"","background-repeat":"repeat","background-position":"center center","background-size":"auto","background-attachment":"scroll","background-type":"","background-media":"","overlay-type":"","overlay-color":"","overlay-opacity":"","overlay-gradient":""},"tablet":{"background-color":"","background-image":"","background-repeat":"repeat","background-position":"center center","background-size":"auto","background-attachment":"scroll","background-type":"","background-media":"","overlay-type":"","overlay-color":"","overlay-opacity":"","overlay-gradient":""},"mobile":{"background-color":"","background-image":"","background-repeat":"repeat","background-position":"center center","background-size":"auto","background-attachment":"scroll","background-type":"","background-media":"","overlay-type":"","overlay-color":"","overlay-opacity":"","overlay-gradient":""}},"ast-content-background-meta":{"desktop":{"background-color":"var(--ast-global-color-5)","background-image":"","background-repeat":"repeat","background-position":"center center","background-size":"auto","background-attachment":"scroll","background-type":"","background-media":"","overlay-type":"","overlay-color":"","overlay-opacity":"","overlay-gradient":""},"tablet":{"background-color":"var(--ast-global-color-5)","background-image":"","background-repeat":"repeat","background-position":"center center","background-size":"auto","background-attachment":"scroll","background-type":"","background-media":"","overlay-type":"","overlay-color":"","overlay-opacity":"","overlay-gradient":""},"mobile":{"background-color":"var(--ast-global-color-5)","background-image":"","background-repeat":"repeat","background-position":"center center","background-size":"auto","background-attachment":"scroll","background-type":"","background-media":"","overlay-type":"","overlay-color":"","overlay-opacity":"","overlay-gradient":""}}},"product_brand":[],"product_cat":[37],"product_tag":[71,72],"class_list":{"0":"post-218","1":"product","2":"type-product","3":"status-publish","4":"has-post-thumbnail","6":"product_cat-sillas-y-oficinas","7":"product_tag-descansapies","8":"product_tag-descansapies-antideslizante","9":"desktop-align-left","10":"tablet-align-left","11":"mobile-align-left","13":"first","14":"instock","15":"shipping-taxable","16":"purchasable","17":"product-type-simple"},"aioseo_notices":[],"jetpack_sharing_enabled":true,"uagb_featured_image_src":{"full":["https:\/\/pegmor.com\/wp-content\/uploads\/2023\/10\/15silla.webp",622,493,false],"thumbnail":["https:\/\/pegmor.com\/wp-content\/uploads\/2023\/10\/15silla-150x150.webp",150,150,true],"medium":["https:\/\/pegmor.com\/wp-content\/uploads\/2023\/10\/15silla-300x238.webp",300,238,true],"medium_large":["https:\/\/pegmor.com\/wp-content\/uploads\/2023\/10\/15silla.webp",622,493,false],"large":["https:\/\/pegmor.com\/wp-content\/uploads\/2023\/10\/15silla.webp",622,493,false],"1536x1536":["https:\/\/pegmor.com\/wp-content\/uploads\/2023\/10\/15silla.webp",622,493,false],"2048x2048":["https:\/\/pegmor.com\/wp-content\/uploads\/2023\/10\/15silla.webp",622,493,false],"mailpoet_newsletter_max":["https:\/\/pegmor.com\/wp-content\/uploads\/2023\/10\/15silla.webp",622,493,false],"woocommerce_thumbnail":["https:\/\/pegmor.com\/wp-content\/uploads\/2023\/10\/15silla-300x238.webp",300,238,true],"woocommerce_single":["https:\/\/pegmor.com\/wp-content\/uploads\/2023\/10\/15silla-600x476.webp",600,476,true],"woocommerce_gallery_thumbnail":["https:\/\/pegmor.com\/wp-content\/uploads\/2023\/10\/15silla-100x100.webp",100,100,true]},"uagb_author_info":{"display_name":"pegmor-com.preview-domain.com","author_link":"https:\/\/pegmor.com\/index.php\/author\/"},"uagb_comment_info":0,"uagb_excerpt":"ESCANSA PIES APOYA PIES ERGON\u00d3MICO. SOMOS MERCADOLIDER CALIFICACIONES 100% POSITIVAS Su uso reduce la fatiga y la tensi\u00f3n muscular, evitando as\u00ed dolores de espalda y piernas, previene las varices y ayuda al correcto flujo sangu\u00edneo. Elaborado en mdf con enchapes externos en f\u00f3rmica negra y superficie antideslizante, protectores de piso en polipropileno. Medidas. 0.39 m&hellip;","_links":{"self":[{"href":"https:\/\/pegmor.com\/index.php\/wp-json\/wp\/v2\/product\/218","targetHints":{"allow":["GET"]}}],"collection":[{"href":"https:\/\/pegmor.com\/index.php\/wp-json\/wp\/v2\/product"}],"about":[{"href":"https:\/\/pegmor.com\/index.php\/wp-json\/wp\/v2\/types\/product"}],"replies":[{"embeddable":true,"href":"https:\/\/pegmor.com\/index.php\/wp-json\/wp\/v2\/comments?post=218"}],"wp:featuredmedia":[{"embeddable":true,"href":"https:\/\/pegmor.com\/index.php\/wp-json\/wp\/v2\/media\/219"}],"wp:attachment":[{"href":"https:\/\/pegmor.com\/index.php\/wp-json\/wp\/v2\/media?parent=218"}],"wp:term":[{"taxonomy":"product_brand","embeddable":true,"href":"https:\/\/pegmor.com\/index.php\/wp-json\/wp\/v2\/product_brand?post=218"},{"taxonomy":"product_cat","embeddable":true,"href":"https:\/\/pegmor.com\/index.php\/wp-json\/wp\/v2\/product_cat?post=218"},{"taxonomy":"product_tag","embeddable":true,"href":"https:\/\/pegmor.com\/index.php\/wp-json\/wp\/v2\/product_tag?post=218"}],"curies":[{"name":"wp","href":"https:\/\/api.w.org\/{rel}","templated":true}]}}