{"id":2028,"date":"2026-02-03T12:00:52","date_gmt":"2026-02-03T17:00:52","guid":{"rendered":"https:\/\/pegmor.com\/?post_type=product&#038;p=2028"},"modified":"2026-02-09T14:32:53","modified_gmt":"2026-02-09T19:32:53","slug":"purificador-de-agua-ozono-vidrio","status":"publish","type":"product","link":"https:\/\/pegmor.com\/index.php\/product\/purificador-de-agua-ozono-vidrio\/","title":{"rendered":"Purificador de Agua Ozono Vidrio"},"content":{"rendered":"<p>EQUIPO PURIFICADOR PARA AGUA CON FILTRACI\u00d3N RIGUROSA Y TRATAMIENTO CON OZONO + FILTRO DE OBSEQUIO + LLAVE DE REGISTRO<\/p>\n<p>El agua es purificada, microfiltrada y luego tratada con Ozono, el mejor desinfectante en potencia y rapidez.<\/p>\n<p>DISPONIBLES<\/p>\n<p>REGALALE SALUD A TU VIDA. PURIFICADORES DE AGUA CON TRATAMIENTO CON OZONO QUE ELIMINA LAS BACTERIAS Y MEJORAN LA CALIDAD Y CARACTER\u00cdSTICAS DEL AGUA.<\/p>\n<p>SOMOS MERCADOLIDER.<br \/>\nCALIFICACIONES 100% POSITIVAS.<\/p>\n<p>CON ESTA PUBLICACI\u00d3N .<br \/>\nRecibir\u00e1s cualquiera de estos hermosos filtros purificadores y Ozonizadores de agua, que hacen posible tener siempre a mano el agua pura, libre de cloro, impurezas y bacterias pat\u00f3genas, gracias a los potentes sistemas de filtraci\u00f3n que retienen toda clase de sedimentos, arenillas, algas y residuos s\u00f3lidos, adem\u00e1s de absorber los qu\u00edmicos presentes en el agua como el cloro y de eliminar toda clase de virus y bacterias microsc\u00f3picos mediante el generador de Ozono que incluye nuestro equipo.<\/p>\n<p>El equipo incluye el sistema micro filtrante, el generador de ozono y todos los accesorios necesarios para la instalaci\u00f3n, la cual puede efectuarse por cualquier persona, ya que se trata de un procedimiento de f\u00e1cil ejecuci\u00f3n. Puedes ver videos de instalaci\u00f3n en -YouTube, PEGMOR.<br \/>\nEl sistema requiere para el funcionamiento un voltaje de 110-125 CA\/60Hz, tiene capacidad de producci\u00f3n de 35mg\/h de Ozono, capacidad de tratamiento de 150L\/h con una presi\u00f3n m\u00e1xima de 100psi.<br \/>\nEl moderno dise\u00f1o ofrece elegancia y decoraci\u00f3n a su cocina que se transformara al instalar el equipo disponible en varios dise\u00f1os de f\u00e1cil mantenimiento.<\/p>\n<p>GARANT\u00cdA<br \/>\nUn a\u00f1o por defectos de fabricaci\u00f3n.<\/p>\n<p>RECUERDA.<br \/>\nNuestros equipos poseen potentes filtros capaces de micro filtrar y retener sedimentos, arenillas, algas y toda clase de residuos s\u00f3lidos, adem\u00e1s poseen elementos de carb\u00f3n activado que neutralizan y absorben qu\u00edmicos presentes en el agua como el cloro, luego nuestro Potente generador de Ozono elimina toda clase de bacterias, virus y microorganismos pat\u00f3genos, mejorando la calidad del agua lo cual podr\u00e1s notar con el color y el sabor del liquido precioso.<br \/>\nEl agua que consume tu familia debe ser filtrada, pero tambi\u00e9n libre de microorganismos indeseables para tu salud. Hoy puedes lograrlo f\u00e1cilmente instalando uno de nuestros sistemas micro filtrantes generadores de ozono.<br \/>\nNo lo pienses mas, adquiere el est\u00e9tico y moderno sistema ozonizador.<\/p>\n<p>Env\u00edo a cargo del comprador<\/p>\n<p>INSTALACI\u00d3N VALOR 60.000 EN BOGOT\u00c1<\/p>\n","protected":false},"excerpt":{"rendered":"<p>Filtro Purificador de Agua Ozono Vidrio<\/p>\n","protected":false},"featured_media":2036,"comment_status":"open","ping_status":"closed","template":"","meta":{"_uag_custom_page_level_css":"","_monsterinsights_skip_tracking":false,"_monsterinsights_sitenote_active":false,"_monsterinsights_sitenote_note":"","_monsterinsights_sitenote_category":0,"site-sidebar-layout":"default","site-content-layout":"","ast-site-content-layout":"default","site-content-style":"default","site-sidebar-style":"default","ast-global-header-display":"","ast-banner-title-visibility":"","ast-main-header-display":"","ast-hfb-above-header-display":"","ast-hfb-below-header-display":"","ast-hfb-mobile-header-display":"","site-post-title":"","ast-breadcrumbs-content":"","ast-featured-img":"","footer-sml-layout":"","theme-transparent-header-meta":"default","adv-header-id-meta":"","stick-header-meta":"","header-above-stick-meta":"","header-main-stick-meta":"","header-below-stick-meta":"","astra-migrate-meta-layouts":"set","ast-page-background-enabled":"default","ast-page-background-meta":{"desktop":{"background-color":"var(--ast-global-color-4)","background-image":"","background-repeat":"repeat","background-position":"center center","background-size":"auto","background-attachment":"scroll","background-type":"","background-media":"","overlay-type":"","overlay-color":"","overlay-opacity":"","overlay-gradient":""},"tablet":{"background-color":"","background-image":"","background-repeat":"repeat","background-position":"center center","background-size":"auto","background-attachment":"scroll","background-type":"","background-media":"","overlay-type":"","overlay-color":"","overlay-opacity":"","overlay-gradient":""},"mobile":{"background-color":"","background-image":"","background-repeat":"repeat","background-position":"center center","background-size":"auto","background-attachment":"scroll","background-type":"","background-media":"","overlay-type":"","overlay-color":"","overlay-opacity":"","overlay-gradient":""}},"ast-content-background-meta":{"desktop":{"background-color":"var(--ast-global-color-5)","background-image":"","background-repeat":"repeat","background-position":"center center","background-size":"auto","background-attachment":"scroll","background-type":"","background-media":"","overlay-type":"","overlay-color":"","overlay-opacity":"","overlay-gradient":""},"tablet":{"background-color":"var(--ast-global-color-5)","background-image":"","background-repeat":"repeat","background-position":"center center","background-size":"auto","background-attachment":"scroll","background-type":"","background-media":"","overlay-type":"","overlay-color":"","overlay-opacity":"","overlay-gradient":""},"mobile":{"background-color":"var(--ast-global-color-5)","background-image":"","background-repeat":"repeat","background-position":"center center","background-size":"auto","background-attachment":"scroll","background-type":"","background-media":"","overlay-type":"","overlay-color":"","overlay-opacity":"","overlay-gradient":""}}},"product_brand":[],"product_cat":[20],"product_tag":[],"class_list":{"0":"post-2028","1":"product","2":"type-product","3":"status-publish","4":"has-post-thumbnail","6":"product_cat-purificadores-de-agua","7":"desktop-align-left","8":"tablet-align-left","9":"mobile-align-left","11":"first","12":"instock","13":"shipping-taxable","14":"purchasable","15":"product-type-simple"},"aioseo_notices":[],"jetpack_sharing_enabled":true,"uagb_featured_image_src":{"full":["https:\/\/pegmor.com\/wp-content\/uploads\/2026\/02\/VIDRIOS-2026.png",1080,1080,false],"thumbnail":["https:\/\/pegmor.com\/wp-content\/uploads\/2026\/02\/VIDRIOS-2026-150x150.png",150,150,true],"medium":["https:\/\/pegmor.com\/wp-content\/uploads\/2026\/02\/VIDRIOS-2026-300x300.png",300,300,true],"medium_large":["https:\/\/pegmor.com\/wp-content\/uploads\/2026\/02\/VIDRIOS-2026-768x768.png",768,768,true],"large":["https:\/\/pegmor.com\/wp-content\/uploads\/2026\/02\/VIDRIOS-2026-1024x1024.png",1024,1024,true],"1536x1536":["https:\/\/pegmor.com\/wp-content\/uploads\/2026\/02\/VIDRIOS-2026.png",1080,1080,false],"2048x2048":["https:\/\/pegmor.com\/wp-content\/uploads\/2026\/02\/VIDRIOS-2026.png",1080,1080,false],"mailpoet_newsletter_max":["https:\/\/pegmor.com\/wp-content\/uploads\/2026\/02\/VIDRIOS-2026.png",1080,1080,false],"woocommerce_thumbnail":["https:\/\/pegmor.com\/wp-content\/uploads\/2026\/02\/VIDRIOS-2026-300x300.png",300,300,true],"woocommerce_single":["https:\/\/pegmor.com\/wp-content\/uploads\/2026\/02\/VIDRIOS-2026-600x600.png",600,600,true],"woocommerce_gallery_thumbnail":["https:\/\/pegmor.com\/wp-content\/uploads\/2026\/02\/VIDRIOS-2026-100x100.png",100,100,true]},"uagb_author_info":{"display_name":"pegmor-com.preview-domain.com","author_link":"https:\/\/pegmor.com\/index.php\/author\/"},"uagb_comment_info":1,"uagb_excerpt":"Filtro Purificador de Agua Ozono Vidrio","_links":{"self":[{"href":"https:\/\/pegmor.com\/index.php\/wp-json\/wp\/v2\/product\/2028","targetHints":{"allow":["GET"]}}],"collection":[{"href":"https:\/\/pegmor.com\/index.php\/wp-json\/wp\/v2\/product"}],"about":[{"href":"https:\/\/pegmor.com\/index.php\/wp-json\/wp\/v2\/types\/product"}],"replies":[{"embeddable":true,"href":"https:\/\/pegmor.com\/index.php\/wp-json\/wp\/v2\/comments?post=2028"}],"wp:featuredmedia":[{"embeddable":true,"href":"https:\/\/pegmor.com\/index.php\/wp-json\/wp\/v2\/media\/2036"}],"wp:attachment":[{"href":"https:\/\/pegmor.com\/index.php\/wp-json\/wp\/v2\/media?parent=2028"}],"wp:term":[{"taxonomy":"product_brand","embeddable":true,"href":"https:\/\/pegmor.com\/index.php\/wp-json\/wp\/v2\/product_brand?post=2028"},{"taxonomy":"product_cat","embeddable":true,"href":"https:\/\/pegmor.com\/index.php\/wp-json\/wp\/v2\/product_cat?post=2028"},{"taxonomy":"product_tag","embeddable":true,"href":"https:\/\/pegmor.com\/index.php\/wp-json\/wp\/v2\/product_tag?post=2028"}],"curies":[{"name":"wp","href":"https:\/\/api.w.org\/{rel}","templated":true}]}}