{"id":2013,"date":"2026-01-27T15:05:09","date_gmt":"2026-01-27T20:05:09","guid":{"rendered":"https:\/\/pegmor.com\/?post_type=product&#038;p=2013"},"modified":"2026-03-03T11:14:49","modified_gmt":"2026-03-03T16:14:49","slug":"ducha-ozono-solo-agua","status":"publish","type":"product","link":"https:\/\/pegmor.com\/index.php\/product\/ducha-ozono-solo-agua\/","title":{"rendered":"Ducha Ozono Solo Agua"},"content":{"rendered":"<h3 data-start=\"172\" data-end=\"235\">\ud83d\udebf Ducha con Agua Ozonizada \u2013 Bienestar diario para tu piel<\/h3>\n<p data-start=\"237\" data-end=\"398\">Nuestra <strong data-start=\"245\" data-end=\"264\">ducha con ozono<\/strong> est\u00e1 dise\u00f1ada para mejorar la calidad del agua que usas todos los d\u00edas, ayudando a desinfectarla y a cuidar tu piel de forma natural.<\/p>\n<p data-start=\"400\" data-end=\"663\">El ozono es un poderoso agente de desinfecci\u00f3n que contribuye a reducir bacterias y microorganismos presentes en el agua, lo que puede ayudar a disminuir problemas comunes como <strong data-start=\"577\" data-end=\"627\">resequedad, irritaci\u00f3n, alergias y zarpullidos<\/strong>, especialmente en pieles sensibles.<\/p>\n<p data-start=\"665\" data-end=\"695\">\ud83d\udca7 <strong data-start=\"668\" data-end=\"695\">Beneficios principales:<\/strong><\/p>\n<ul data-start=\"696\" data-end=\"944\">\n<li data-start=\"696\" data-end=\"738\">\n<p data-start=\"698\" data-end=\"738\">Mejora la calidad del agua de la ducha<\/p>\n<\/li>\n<li data-start=\"739\" data-end=\"786\">\n<p data-start=\"741\" data-end=\"786\">Ayuda a desinfectar el agua de forma segura<\/p>\n<\/li>\n<li data-start=\"787\" data-end=\"837\">\n<p data-start=\"789\" data-end=\"837\">Contribuye a una piel m\u00e1s limpia y confortable<\/p>\n<\/li>\n<li data-start=\"838\" data-end=\"885\">\n<p data-start=\"840\" data-end=\"885\">Reduce la sensaci\u00f3n de picaz\u00f3n y resequedad<\/p>\n<\/li>\n<li data-start=\"886\" data-end=\"944\">\n<p data-start=\"888\" data-end=\"944\">Ideal para ni\u00f1os, adultos y personas con piel sensible<\/p>\n<\/li>\n<\/ul>\n<p data-start=\"946\" data-end=\"1049\">\ud83d\udebf <strong data-start=\"949\" data-end=\"1010\">Convierte tu ducha diaria en una experiencia de bienestar<\/strong>, cuidando tu piel desde el primer uso.<\/p>\n<p data-start=\"1051\" data-end=\"1118\">\ud83d\udce6 Producto f\u00e1cil de instalar, pensado para uso diario en el hogar.<\/p>\n<p data-start=\"1051\" data-end=\"1118\">Env\u00edo a cargo del comprador.<\/p>\n<p data-start=\"1051\" data-end=\"1118\">SOMOS PEGMOR<\/p>\n<p data-start=\"1051\" data-end=\"1118\">Mercadolider Colombia<\/p>\n","protected":false},"excerpt":{"rendered":"<p>Ducha Ozono Solo Agua<\/p>\n","protected":false},"featured_media":2014,"comment_status":"open","ping_status":"closed","template":"","meta":{"_uag_custom_page_level_css":"","_monsterinsights_skip_tracking":false,"_monsterinsights_sitenote_active":false,"_monsterinsights_sitenote_note":"","_monsterinsights_sitenote_category":0,"site-sidebar-layout":"default","site-content-layout":"","ast-site-content-layout":"default","site-content-style":"default","site-sidebar-style":"default","ast-global-header-display":"","ast-banner-title-visibility":"","ast-main-header-display":"","ast-hfb-above-header-display":"","ast-hfb-below-header-display":"","ast-hfb-mobile-header-display":"","site-post-title":"","ast-breadcrumbs-content":"","ast-featured-img":"","footer-sml-layout":"","theme-transparent-header-meta":"default","adv-header-id-meta":"","stick-header-meta":"","header-above-stick-meta":"","header-main-stick-meta":"","header-below-stick-meta":"","astra-migrate-meta-layouts":"set","ast-page-background-enabled":"default","ast-page-background-meta":{"desktop":{"background-color":"var(--ast-global-color-4)","background-image":"","background-repeat":"repeat","background-position":"center center","background-size":"auto","background-attachment":"scroll","background-type":"","background-media":"","overlay-type":"","overlay-color":"","overlay-opacity":"","overlay-gradient":""},"tablet":{"background-color":"","background-image":"","background-repeat":"repeat","background-position":"center center","background-size":"auto","background-attachment":"scroll","background-type":"","background-media":"","overlay-type":"","overlay-color":"","overlay-opacity":"","overlay-gradient":""},"mobile":{"background-color":"","background-image":"","background-repeat":"repeat","background-position":"center center","background-size":"auto","background-attachment":"scroll","background-type":"","background-media":"","overlay-type":"","overlay-color":"","overlay-opacity":"","overlay-gradient":""}},"ast-content-background-meta":{"desktop":{"background-color":"var(--ast-global-color-5)","background-image":"","background-repeat":"repeat","background-position":"center center","background-size":"auto","background-attachment":"scroll","background-type":"","background-media":"","overlay-type":"","overlay-color":"","overlay-opacity":"","overlay-gradient":""},"tablet":{"background-color":"var(--ast-global-color-5)","background-image":"","background-repeat":"repeat","background-position":"center center","background-size":"auto","background-attachment":"scroll","background-type":"","background-media":"","overlay-type":"","overlay-color":"","overlay-opacity":"","overlay-gradient":""},"mobile":{"background-color":"var(--ast-global-color-5)","background-image":"","background-repeat":"repeat","background-position":"center center","background-size":"auto","background-attachment":"scroll","background-type":"","background-media":"","overlay-type":"","overlay-color":"","overlay-opacity":"","overlay-gradient":""}}},"product_brand":[],"product_cat":[92],"product_tag":[],"class_list":{"0":"post-2013","1":"product","2":"type-product","3":"status-publish","4":"has-post-thumbnail","6":"product_cat-ducha-ozono","7":"desktop-align-left","8":"tablet-align-left","9":"mobile-align-left","11":"first","12":"instock","13":"sale","14":"shipping-taxable","15":"purchasable","16":"product-type-simple"},"aioseo_notices":[],"jetpack_sharing_enabled":true,"uagb_featured_image_src":{"full":["https:\/\/pegmor.com\/wp-content\/uploads\/2026\/01\/DUCHA-AGUA.png",1344,768,false],"thumbnail":["https:\/\/pegmor.com\/wp-content\/uploads\/2026\/01\/DUCHA-AGUA-150x150.png",150,150,true],"medium":["https:\/\/pegmor.com\/wp-content\/uploads\/2026\/01\/DUCHA-AGUA-300x171.png",300,171,true],"medium_large":["https:\/\/pegmor.com\/wp-content\/uploads\/2026\/01\/DUCHA-AGUA-768x439.png",768,439,true],"large":["https:\/\/pegmor.com\/wp-content\/uploads\/2026\/01\/DUCHA-AGUA-1024x585.png",1024,585,true],"1536x1536":["https:\/\/pegmor.com\/wp-content\/uploads\/2026\/01\/DUCHA-AGUA.png",1344,768,false],"2048x2048":["https:\/\/pegmor.com\/wp-content\/uploads\/2026\/01\/DUCHA-AGUA.png",1344,768,false],"mailpoet_newsletter_max":["https:\/\/pegmor.com\/wp-content\/uploads\/2026\/01\/DUCHA-AGUA-1320x754.png",1320,754,true],"woocommerce_thumbnail":["https:\/\/pegmor.com\/wp-content\/uploads\/2026\/01\/DUCHA-AGUA-300x171.png",300,171,true],"woocommerce_single":["https:\/\/pegmor.com\/wp-content\/uploads\/2026\/01\/DUCHA-AGUA-600x343.png",600,343,true],"woocommerce_gallery_thumbnail":["https:\/\/pegmor.com\/wp-content\/uploads\/2026\/01\/DUCHA-AGUA-100x100.png",100,100,true]},"uagb_author_info":{"display_name":"pegmor-com.preview-domain.com","author_link":"https:\/\/pegmor.com\/index.php\/author\/"},"uagb_comment_info":0,"uagb_excerpt":"Ducha Ozono Solo Agua","_links":{"self":[{"href":"https:\/\/pegmor.com\/index.php\/wp-json\/wp\/v2\/product\/2013","targetHints":{"allow":["GET"]}}],"collection":[{"href":"https:\/\/pegmor.com\/index.php\/wp-json\/wp\/v2\/product"}],"about":[{"href":"https:\/\/pegmor.com\/index.php\/wp-json\/wp\/v2\/types\/product"}],"replies":[{"embeddable":true,"href":"https:\/\/pegmor.com\/index.php\/wp-json\/wp\/v2\/comments?post=2013"}],"wp:featuredmedia":[{"embeddable":true,"href":"https:\/\/pegmor.com\/index.php\/wp-json\/wp\/v2\/media\/2014"}],"wp:attachment":[{"href":"https:\/\/pegmor.com\/index.php\/wp-json\/wp\/v2\/media?parent=2013"}],"wp:term":[{"taxonomy":"product_brand","embeddable":true,"href":"https:\/\/pegmor.com\/index.php\/wp-json\/wp\/v2\/product_brand?post=2013"},{"taxonomy":"product_cat","embeddable":true,"href":"https:\/\/pegmor.com\/index.php\/wp-json\/wp\/v2\/product_cat?post=2013"},{"taxonomy":"product_tag","embeddable":true,"href":"https:\/\/pegmor.com\/index.php\/wp-json\/wp\/v2\/product_tag?post=2013"}],"curies":[{"name":"wp","href":"https:\/\/api.w.org\/{rel}","templated":true}]}}