{"id":2009,"date":"2026-01-22T11:04:40","date_gmt":"2026-01-22T16:04:40","guid":{"rendered":"https:\/\/pegmor.com\/?post_type=product&#038;p=2009"},"modified":"2026-02-03T11:43:59","modified_gmt":"2026-02-03T16:43:59","slug":"kit-filtracion-agua-ducha","status":"publish","type":"product","link":"https:\/\/pegmor.com\/index.php\/product\/kit-filtracion-agua-ducha\/","title":{"rendered":"Kit Filtraci\u00f3n Agua Ducha"},"content":{"rendered":"<p data-start=\"142\" data-end=\"195\">\ud83d\udebf <strong data-start=\"145\" data-end=\"190\">Cuida tu piel y tu cabello desde la ducha<\/strong> \ud83d\udebf<\/p>\n<p data-start=\"197\" data-end=\"349\">Este <strong data-start=\"202\" data-end=\"242\">kit de filtraci\u00f3n de agua para ducha<\/strong> est\u00e1 dise\u00f1ado para mejorar la calidad del agua que entra en contacto directo con tu cuerpo todos los d\u00edas.<\/p>\n<p data-start=\"351\" data-end=\"514\">Incluye <strong data-start=\"359\" data-end=\"396\">carcasa de 10\u201d + filtro de carb\u00f3n<\/strong>, con <strong data-start=\"402\" data-end=\"434\">duraci\u00f3n aproximada de 1 a\u00f1o<\/strong>, que ayuda a <strong data-start=\"448\" data-end=\"492\">retener sedimentos, impurezas y qu\u00edmicos<\/strong> presentes en el agua.<\/p>\n<p data-start=\"516\" data-end=\"690\">Al filtrar el agua, contribuye a reducir la <strong data-start=\"560\" data-end=\"585\">resequedad en la piel<\/strong>, la <strong data-start=\"590\" data-end=\"604\">irritaci\u00f3n<\/strong> y el <strong data-start=\"610\" data-end=\"634\">maltrato del cabello<\/strong>, haciendo que tu ducha se sienta m\u00e1s suave y agradable.<\/p>\n<p data-start=\"692\" data-end=\"882\">\u2714\ufe0f F\u00e1cil instalaci\u00f3n<br data-start=\"712\" data-end=\"715\" \/>\u2714\ufe0f No requiere obras ni conocimientos t\u00e9cnicos<br data-start=\"761\" data-end=\"764\" \/>\u2714\ufe0f Incluimos <strong data-start=\"777\" data-end=\"801\">tutorial paso a paso<\/strong> para que lo instales t\u00fa mismo<br data-start=\"831\" data-end=\"834\" \/>\u2714\ufe0f Soluci\u00f3n pr\u00e1ctica y funcional para el hogar<\/p>\n<p data-start=\"884\" data-end=\"947\">\ud83d\udce6 <strong data-start=\"887\" data-end=\"912\">Env\u00edos a todo el pa\u00eds<\/strong><br data-start=\"912\" data-end=\"915\" \/>\ud83d\ude9a <em data-start=\"918\" data-end=\"947\">Env\u00edo a cargo del comprador<\/em><\/p>\n<p data-start=\"949\" data-end=\"1021\">\ud83d\udc49 Una forma sencilla de cuidarte todos los d\u00edas, empezando por el agua.<\/p>\n<p data-start=\"1023\" data-end=\"1041\">Mercadolider Colombia<\/p>\n<p data-start=\"1023\" data-end=\"1041\">SOMOS PEGMOR<\/p>\n<p data-start=\"1023\" data-end=\"1041\">\n","protected":false},"excerpt":{"rendered":"<p>Kit Filtracion Agua Ducha<\/p>\n","protected":false},"featured_media":2010,"comment_status":"open","ping_status":"closed","template":"","meta":{"_uag_custom_page_level_css":"","_monsterinsights_skip_tracking":false,"_monsterinsights_sitenote_active":false,"_monsterinsights_sitenote_note":"","_monsterinsights_sitenote_category":0,"site-sidebar-layout":"default","site-content-layout":"","ast-site-content-layout":"default","site-content-style":"default","site-sidebar-style":"default","ast-global-header-display":"","ast-banner-title-visibility":"","ast-main-header-display":"","ast-hfb-above-header-display":"","ast-hfb-below-header-display":"","ast-hfb-mobile-header-display":"","site-post-title":"","ast-breadcrumbs-content":"","ast-featured-img":"","footer-sml-layout":"","theme-transparent-header-meta":"default","adv-header-id-meta":"","stick-header-meta":"","header-above-stick-meta":"","header-main-stick-meta":"","header-below-stick-meta":"","astra-migrate-meta-layouts":"set","ast-page-background-enabled":"default","ast-page-background-meta":{"desktop":{"background-color":"var(--ast-global-color-4)","background-image":"","background-repeat":"repeat","background-position":"center center","background-size":"auto","background-attachment":"scroll","background-type":"","background-media":"","overlay-type":"","overlay-color":"","overlay-opacity":"","overlay-gradient":""},"tablet":{"background-color":"","background-image":"","background-repeat":"repeat","background-position":"center center","background-size":"auto","background-attachment":"scroll","background-type":"","background-media":"","overlay-type":"","overlay-color":"","overlay-opacity":"","overlay-gradient":""},"mobile":{"background-color":"","background-image":"","background-repeat":"repeat","background-position":"center center","background-size":"auto","background-attachment":"scroll","background-type":"","background-media":"","overlay-type":"","overlay-color":"","overlay-opacity":"","overlay-gradient":""}},"ast-content-background-meta":{"desktop":{"background-color":"var(--ast-global-color-5)","background-image":"","background-repeat":"repeat","background-position":"center center","background-size":"auto","background-attachment":"scroll","background-type":"","background-media":"","overlay-type":"","overlay-color":"","overlay-opacity":"","overlay-gradient":""},"tablet":{"background-color":"var(--ast-global-color-5)","background-image":"","background-repeat":"repeat","background-position":"center center","background-size":"auto","background-attachment":"scroll","background-type":"","background-media":"","overlay-type":"","overlay-color":"","overlay-opacity":"","overlay-gradient":""},"mobile":{"background-color":"var(--ast-global-color-5)","background-image":"","background-repeat":"repeat","background-position":"center center","background-size":"auto","background-attachment":"scroll","background-type":"","background-media":"","overlay-type":"","overlay-color":"","overlay-opacity":"","overlay-gradient":""}}},"product_brand":[],"product_cat":[93,92],"product_tag":[],"class_list":{"0":"post-2009","1":"product","2":"type-product","3":"status-publish","4":"has-post-thumbnail","6":"product_cat-carcasas-filtros-repuestos","7":"product_cat-ducha-ozono","8":"desktop-align-left","9":"tablet-align-left","10":"mobile-align-left","12":"first","13":"instock","14":"shipping-taxable","15":"purchasable","16":"product-type-simple"},"aioseo_notices":[],"jetpack_sharing_enabled":true,"uagb_featured_image_src":{"full":["https:\/\/pegmor.com\/wp-content\/uploads\/2026\/01\/Gemini_Generated_Image_2vysay2vysay2vys.png",768,1344,false],"thumbnail":["https:\/\/pegmor.com\/wp-content\/uploads\/2026\/01\/Gemini_Generated_Image_2vysay2vysay2vys-150x150.png",150,150,true],"medium":["https:\/\/pegmor.com\/wp-content\/uploads\/2026\/01\/Gemini_Generated_Image_2vysay2vysay2vys-171x300.png",171,300,true],"medium_large":["https:\/\/pegmor.com\/wp-content\/uploads\/2026\/01\/Gemini_Generated_Image_2vysay2vysay2vys.png",768,1344,false],"large":["https:\/\/pegmor.com\/wp-content\/uploads\/2026\/01\/Gemini_Generated_Image_2vysay2vysay2vys-585x1024.png",585,1024,true],"1536x1536":["https:\/\/pegmor.com\/wp-content\/uploads\/2026\/01\/Gemini_Generated_Image_2vysay2vysay2vys.png",768,1344,false],"2048x2048":["https:\/\/pegmor.com\/wp-content\/uploads\/2026\/01\/Gemini_Generated_Image_2vysay2vysay2vys.png",768,1344,false],"mailpoet_newsletter_max":["https:\/\/pegmor.com\/wp-content\/uploads\/2026\/01\/Gemini_Generated_Image_2vysay2vysay2vys.png",768,1344,false],"woocommerce_thumbnail":["https:\/\/pegmor.com\/wp-content\/uploads\/2026\/01\/Gemini_Generated_Image_2vysay2vysay2vys-300x525.png",300,525,true],"woocommerce_single":["https:\/\/pegmor.com\/wp-content\/uploads\/2026\/01\/Gemini_Generated_Image_2vysay2vysay2vys-600x1050.png",600,1050,true],"woocommerce_gallery_thumbnail":["https:\/\/pegmor.com\/wp-content\/uploads\/2026\/01\/Gemini_Generated_Image_2vysay2vysay2vys-100x100.png",100,100,true]},"uagb_author_info":{"display_name":"pegmor-com.preview-domain.com","author_link":"https:\/\/pegmor.com\/index.php\/author\/"},"uagb_comment_info":0,"uagb_excerpt":"Kit Filtracion Agua Ducha","_links":{"self":[{"href":"https:\/\/pegmor.com\/index.php\/wp-json\/wp\/v2\/product\/2009","targetHints":{"allow":["GET"]}}],"collection":[{"href":"https:\/\/pegmor.com\/index.php\/wp-json\/wp\/v2\/product"}],"about":[{"href":"https:\/\/pegmor.com\/index.php\/wp-json\/wp\/v2\/types\/product"}],"replies":[{"embeddable":true,"href":"https:\/\/pegmor.com\/index.php\/wp-json\/wp\/v2\/comments?post=2009"}],"wp:featuredmedia":[{"embeddable":true,"href":"https:\/\/pegmor.com\/index.php\/wp-json\/wp\/v2\/media\/2010"}],"wp:attachment":[{"href":"https:\/\/pegmor.com\/index.php\/wp-json\/wp\/v2\/media?parent=2009"}],"wp:term":[{"taxonomy":"product_brand","embeddable":true,"href":"https:\/\/pegmor.com\/index.php\/wp-json\/wp\/v2\/product_brand?post=2009"},{"taxonomy":"product_cat","embeddable":true,"href":"https:\/\/pegmor.com\/index.php\/wp-json\/wp\/v2\/product_cat?post=2009"},{"taxonomy":"product_tag","embeddable":true,"href":"https:\/\/pegmor.com\/index.php\/wp-json\/wp\/v2\/product_tag?post=2009"}],"curies":[{"name":"wp","href":"https:\/\/api.w.org\/{rel}","templated":true}]}}