{"id":1999,"date":"2026-01-15T11:39:38","date_gmt":"2026-01-15T16:39:38","guid":{"rendered":"https:\/\/pegmor.com\/?post_type=product&#038;p=1999"},"modified":"2026-01-15T11:39:38","modified_gmt":"2026-01-15T16:39:38","slug":"kit-carcasa-moises-7-filtro-carbon-bloque-cisne-accesorios","status":"publish","type":"product","link":"https:\/\/pegmor.com\/index.php\/product\/kit-carcasa-moises-7-filtro-carbon-bloque-cisne-accesorios\/","title":{"rendered":"Kit Carcasa Moises 7&#8242; + Filtro Carbon Bloque + Cisne + Accesorios"},"content":{"rendered":"<p data-start=\"168\" data-end=\"381\"><strong data-start=\"168\" data-end=\"214\">Agua m\u00e1s limpia directamente en tu cocina.<\/strong><br data-start=\"214\" data-end=\"217\" \/>Este <strong data-start=\"222\" data-end=\"265\">sistema de filtraci\u00f3n con carcasa de 7\u201d Moises<\/strong>, dise\u00f1ado para <strong data-start=\"281\" data-end=\"307\">instalaci\u00f3n bajo mes\u00f3n<\/strong>, es la soluci\u00f3n ideal para mejorar la calidad del agua que usas a diario.<\/p>\n<p data-start=\"383\" data-end=\"601\">Incluye <strong data-start=\"391\" data-end=\"452\">filtro, accesorios completos y cisne de llave para cocina<\/strong>, permitiendo una instalaci\u00f3n pr\u00e1ctica y ordenada debajo del mes\u00f3n, sin ocupar espacio visible y con un punto de salida exclusivo para agua filtrada.<\/p>\n<p data-start=\"603\" data-end=\"796\">\ud83d\udd39 Carcasa resistente de 7\u201d Moises<br data-start=\"630\" data-end=\"633\" \/>\ud83d\udd39 Filtro incluido (Carbon Bloque &#8211; 1 a\u00f1o duraci\u00f3n en agua de acueducto)<br data-start=\"651\" data-end=\"654\" \/>\ud83d\udd39 Accesorios para instalaci\u00f3n bajo mes\u00f3n<br data-start=\"695\" data-end=\"698\" \/>\ud83d\udd39 Cisne de llave para cocina incluido<\/p>\n<p data-start=\"798\" data-end=\"933\">Una soluci\u00f3n funcional para quienes buscan <strong data-start=\"841\" data-end=\"860\">agua m\u00e1s limpia<\/strong>, mayor tranquilidad y una instalaci\u00f3n discreta y eficiente en la cocina.<\/p>\n<p data-start=\"935\" data-end=\"992\">\ud83d\udc49 Cuida tu agua desde el punto m\u00e1s importante del hogar.<\/p>\n<p data-start=\"935\" data-end=\"992\">\n<p data-start=\"935\" data-end=\"992\">Env\u00edo a cargo del comprador.<\/p>\n<p data-start=\"935\" data-end=\"992\">SOMOS PEGMOR<\/p>\n<p data-start=\"935\" data-end=\"992\">Mercadolider Colombia<\/p>\n","protected":false},"excerpt":{"rendered":"<p><strong data-start=\"222\" data-end=\"265\">Sistema de filtraci\u00f3n con carcasa de 7\u201d Moises<\/strong>, dise\u00f1ado para <strong data-start=\"281\" data-end=\"307\">instalaci\u00f3n bajo mes\u00f3n<\/strong><\/p>\n","protected":false},"featured_media":1996,"comment_status":"open","ping_status":"closed","template":"","meta":{"_uag_custom_page_level_css":"","_monsterinsights_skip_tracking":false,"_monsterinsights_sitenote_active":false,"_monsterinsights_sitenote_note":"","_monsterinsights_sitenote_category":0,"site-sidebar-layout":"default","site-content-layout":"","ast-site-content-layout":"default","site-content-style":"default","site-sidebar-style":"default","ast-global-header-display":"","ast-banner-title-visibility":"","ast-main-header-display":"","ast-hfb-above-header-display":"","ast-hfb-below-header-display":"","ast-hfb-mobile-header-display":"","site-post-title":"","ast-breadcrumbs-content":"","ast-featured-img":"","footer-sml-layout":"","theme-transparent-header-meta":"default","adv-header-id-meta":"","stick-header-meta":"","header-above-stick-meta":"","header-main-stick-meta":"","header-below-stick-meta":"","astra-migrate-meta-layouts":"set","ast-page-background-enabled":"default","ast-page-background-meta":{"desktop":{"background-color":"var(--ast-global-color-4)","background-image":"","background-repeat":"repeat","background-position":"center center","background-size":"auto","background-attachment":"scroll","background-type":"","background-media":"","overlay-type":"","overlay-color":"","overlay-opacity":"","overlay-gradient":""},"tablet":{"background-color":"","background-image":"","background-repeat":"repeat","background-position":"center center","background-size":"auto","background-attachment":"scroll","background-type":"","background-media":"","overlay-type":"","overlay-color":"","overlay-opacity":"","overlay-gradient":""},"mobile":{"background-color":"","background-image":"","background-repeat":"repeat","background-position":"center center","background-size":"auto","background-attachment":"scroll","background-type":"","background-media":"","overlay-type":"","overlay-color":"","overlay-opacity":"","overlay-gradient":""}},"ast-content-background-meta":{"desktop":{"background-color":"var(--ast-global-color-5)","background-image":"","background-repeat":"repeat","background-position":"center center","background-size":"auto","background-attachment":"scroll","background-type":"","background-media":"","overlay-type":"","overlay-color":"","overlay-opacity":"","overlay-gradient":""},"tablet":{"background-color":"var(--ast-global-color-5)","background-image":"","background-repeat":"repeat","background-position":"center center","background-size":"auto","background-attachment":"scroll","background-type":"","background-media":"","overlay-type":"","overlay-color":"","overlay-opacity":"","overlay-gradient":""},"mobile":{"background-color":"var(--ast-global-color-5)","background-image":"","background-repeat":"repeat","background-position":"center center","background-size":"auto","background-attachment":"scroll","background-type":"","background-media":"","overlay-type":"","overlay-color":"","overlay-opacity":"","overlay-gradient":""}}},"product_brand":[],"product_cat":[93],"product_tag":[],"class_list":{"0":"post-1999","1":"product","2":"type-product","3":"status-publish","4":"has-post-thumbnail","6":"product_cat-carcasas-filtros-repuestos","7":"desktop-align-left","8":"tablet-align-left","9":"mobile-align-left","11":"first","12":"instock","13":"shipping-taxable","14":"purchasable","15":"product-type-simple"},"aioseo_notices":[],"jetpack_sharing_enabled":true,"uagb_featured_image_src":{"full":["https:\/\/pegmor.com\/wp-content\/uploads\/2026\/01\/Captura-de-pantalla-2026-01-15-111824.png",531,524,false],"thumbnail":["https:\/\/pegmor.com\/wp-content\/uploads\/2026\/01\/Captura-de-pantalla-2026-01-15-111824-150x150.png",150,150,true],"medium":["https:\/\/pegmor.com\/wp-content\/uploads\/2026\/01\/Captura-de-pantalla-2026-01-15-111824-300x296.png",300,296,true],"medium_large":["https:\/\/pegmor.com\/wp-content\/uploads\/2026\/01\/Captura-de-pantalla-2026-01-15-111824.png",531,524,false],"large":["https:\/\/pegmor.com\/wp-content\/uploads\/2026\/01\/Captura-de-pantalla-2026-01-15-111824.png",531,524,false],"1536x1536":["https:\/\/pegmor.com\/wp-content\/uploads\/2026\/01\/Captura-de-pantalla-2026-01-15-111824.png",531,524,false],"2048x2048":["https:\/\/pegmor.com\/wp-content\/uploads\/2026\/01\/Captura-de-pantalla-2026-01-15-111824.png",531,524,false],"mailpoet_newsletter_max":["https:\/\/pegmor.com\/wp-content\/uploads\/2026\/01\/Captura-de-pantalla-2026-01-15-111824.png",531,524,false],"woocommerce_thumbnail":["https:\/\/pegmor.com\/wp-content\/uploads\/2026\/01\/Captura-de-pantalla-2026-01-15-111824-300x296.png",300,296,true],"woocommerce_single":["https:\/\/pegmor.com\/wp-content\/uploads\/2026\/01\/Captura-de-pantalla-2026-01-15-111824.png",531,524,false],"woocommerce_gallery_thumbnail":["https:\/\/pegmor.com\/wp-content\/uploads\/2026\/01\/Captura-de-pantalla-2026-01-15-111824-100x100.png",100,100,true]},"uagb_author_info":{"display_name":"pegmor-com.preview-domain.com","author_link":"https:\/\/pegmor.com\/index.php\/author\/"},"uagb_comment_info":0,"uagb_excerpt":"Sistema de filtraci\u00f3n con carcasa de 7\u201d Moises, dise\u00f1ado para instalaci\u00f3n bajo mes\u00f3n","_links":{"self":[{"href":"https:\/\/pegmor.com\/index.php\/wp-json\/wp\/v2\/product\/1999","targetHints":{"allow":["GET"]}}],"collection":[{"href":"https:\/\/pegmor.com\/index.php\/wp-json\/wp\/v2\/product"}],"about":[{"href":"https:\/\/pegmor.com\/index.php\/wp-json\/wp\/v2\/types\/product"}],"replies":[{"embeddable":true,"href":"https:\/\/pegmor.com\/index.php\/wp-json\/wp\/v2\/comments?post=1999"}],"wp:featuredmedia":[{"embeddable":true,"href":"https:\/\/pegmor.com\/index.php\/wp-json\/wp\/v2\/media\/1996"}],"wp:attachment":[{"href":"https:\/\/pegmor.com\/index.php\/wp-json\/wp\/v2\/media?parent=1999"}],"wp:term":[{"taxonomy":"product_brand","embeddable":true,"href":"https:\/\/pegmor.com\/index.php\/wp-json\/wp\/v2\/product_brand?post=1999"},{"taxonomy":"product_cat","embeddable":true,"href":"https:\/\/pegmor.com\/index.php\/wp-json\/wp\/v2\/product_cat?post=1999"},{"taxonomy":"product_tag","embeddable":true,"href":"https:\/\/pegmor.com\/index.php\/wp-json\/wp\/v2\/product_tag?post=1999"}],"curies":[{"name":"wp","href":"https:\/\/api.w.org\/{rel}","templated":true}]}}