{"id":1990,"date":"2026-01-13T12:25:11","date_gmt":"2026-01-13T17:25:11","guid":{"rendered":"https:\/\/pegmor.com\/?post_type=product&#038;p=1990"},"modified":"2026-03-03T11:12:47","modified_gmt":"2026-03-03T16:12:47","slug":"purificador-de-aire-con-ozono-eliminador-de-olores-bano-aromatizante-vidrio","status":"publish","type":"product","link":"https:\/\/pegmor.com\/index.php\/product\/purificador-de-aire-con-ozono-eliminador-de-olores-bano-aromatizante-vidrio\/","title":{"rendered":"Purificador de Aire con Ozono, eliminador de olores ba\u00f1o, aromatizante, Vidrio"},"content":{"rendered":"<p data-start=\"181\" data-end=\"394\"><strong data-start=\"181\" data-end=\"224\">El ba\u00f1o limpio se siente\u2026 y se respira.<\/strong><br data-start=\"224\" data-end=\"227\" \/>Nuestro <strong data-start=\"235\" data-end=\"290\">purificador de aire con ozono, exclusivo para ba\u00f1os<\/strong>, elimina <strong data-start=\"300\" data-end=\"348\">malos olores, virus y bacterias del ambiente<\/strong> desde el origen, sin usar qu\u00edmicos agresivos.<\/p>\n<p data-start=\"396\" data-end=\"619\">Su dise\u00f1o en <strong data-start=\"409\" data-end=\"419\">vidrio<\/strong> le da un acabado elegante y discreto, ideal para integrarse a cualquier espacio. Puedes usarlo en <strong data-start=\"518\" data-end=\"537\">modo autom\u00e1tico<\/strong>, funcionando cada 8 minutos, o activarlo <strong data-start=\"579\" data-end=\"598\">de forma manual<\/strong> cuando lo necesites.<\/p>\n<p data-start=\"621\" data-end=\"719\">Adem\u00e1s, incluye <strong data-start=\"637\" data-end=\"653\">aromatizante<\/strong>, para dejar una sensaci\u00f3n fresca y agradable despu\u00e9s de cada uso.<\/p>\n<p data-start=\"721\" data-end=\"892\">\ud83d\udd39 <strong data-start=\"724\" data-end=\"736\">Consumo:<\/strong> 110 V<br data-start=\"742\" data-end=\"745\" \/>\ud83d\udd39 <strong data-start=\"748\" data-end=\"767\">Funcionamiento:<\/strong> autom\u00e1tico o manual<br data-start=\"787\" data-end=\"790\" \/>\ud83d\udd39 <strong data-start=\"793\" data-end=\"814\">Ciclo autom\u00e1tico:<\/strong> cada 8 minutos<br data-start=\"829\" data-end=\"832\" \/>\ud83d\udd39 <strong data-start=\"835\" data-end=\"848\">Material:<\/strong> vidrio<br data-start=\"855\" data-end=\"858\" \/>\ud83d\udd39 <strong data-start=\"861\" data-end=\"869\">Uso:<\/strong> Especial para ba\u00f1os<\/p>\n<p data-start=\"894\" data-end=\"989\">Ideal para mantener tu ba\u00f1o limpio, fresco y con una sensaci\u00f3n de higiene real, todos los d\u00edas.<\/p>\n<p data-start=\"894\" data-end=\"989\">Garant\u00eda 6 meses.<\/p>\n<p data-start=\"991\" data-end=\"1084\">\ud83d\udc49 <strong data-start=\"994\" data-end=\"1034\">No disfraza los olores. Los elimina.<\/strong><br data-start=\"1034\" data-end=\"1037\" \/>Porque el cuidado tambi\u00e9n est\u00e1 en los detalles.<\/p>\n<p data-start=\"991\" data-end=\"1084\">\n<p data-start=\"991\" data-end=\"1084\">SOMOS PEGMOR<\/p>\n<p data-start=\"991\" data-end=\"1084\">Mercadolider Colombia<\/p>\n","protected":false},"excerpt":{"rendered":"<p>PURIFICADOR DE AIRE CON OZONO, BA\u00d1O ELIMINADOR OLORES, AROMATIZANTE, VIDRIO<\/p>\n","protected":false},"featured_media":1991,"comment_status":"open","ping_status":"closed","template":"","meta":{"_uag_custom_page_level_css":"","_monsterinsights_skip_tracking":false,"_monsterinsights_sitenote_active":false,"_monsterinsights_sitenote_note":"","_monsterinsights_sitenote_category":0,"site-sidebar-layout":"default","site-content-layout":"","ast-site-content-layout":"default","site-content-style":"default","site-sidebar-style":"default","ast-global-header-display":"","ast-banner-title-visibility":"","ast-main-header-display":"","ast-hfb-above-header-display":"","ast-hfb-below-header-display":"","ast-hfb-mobile-header-display":"","site-post-title":"","ast-breadcrumbs-content":"","ast-featured-img":"","footer-sml-layout":"","theme-transparent-header-meta":"default","adv-header-id-meta":"","stick-header-meta":"","header-above-stick-meta":"","header-main-stick-meta":"","header-below-stick-meta":"","astra-migrate-meta-layouts":"set","ast-page-background-enabled":"default","ast-page-background-meta":{"desktop":{"background-color":"var(--ast-global-color-4)","background-image":"","background-repeat":"repeat","background-position":"center center","background-size":"auto","background-attachment":"scroll","background-type":"","background-media":"","overlay-type":"","overlay-color":"","overlay-opacity":"","overlay-gradient":""},"tablet":{"background-color":"","background-image":"","background-repeat":"repeat","background-position":"center center","background-size":"auto","background-attachment":"scroll","background-type":"","background-media":"","overlay-type":"","overlay-color":"","overlay-opacity":"","overlay-gradient":""},"mobile":{"background-color":"","background-image":"","background-repeat":"repeat","background-position":"center center","background-size":"auto","background-attachment":"scroll","background-type":"","background-media":"","overlay-type":"","overlay-color":"","overlay-opacity":"","overlay-gradient":""}},"ast-content-background-meta":{"desktop":{"background-color":"var(--ast-global-color-5)","background-image":"","background-repeat":"repeat","background-position":"center center","background-size":"auto","background-attachment":"scroll","background-type":"","background-media":"","overlay-type":"","overlay-color":"","overlay-opacity":"","overlay-gradient":""},"tablet":{"background-color":"var(--ast-global-color-5)","background-image":"","background-repeat":"repeat","background-position":"center center","background-size":"auto","background-attachment":"scroll","background-type":"","background-media":"","overlay-type":"","overlay-color":"","overlay-opacity":"","overlay-gradient":""},"mobile":{"background-color":"var(--ast-global-color-5)","background-image":"","background-repeat":"repeat","background-position":"center center","background-size":"auto","background-attachment":"scroll","background-type":"","background-media":"","overlay-type":"","overlay-color":"","overlay-opacity":"","overlay-gradient":""}}},"product_brand":[],"product_cat":[33],"product_tag":[],"class_list":{"0":"post-1990","1":"product","2":"type-product","3":"status-publish","4":"has-post-thumbnail","6":"product_cat-purificadores-de-aire","7":"desktop-align-left","8":"tablet-align-left","9":"mobile-align-left","11":"first","12":"instock","13":"sale","14":"shipping-taxable","15":"purchasable","16":"product-type-simple"},"aioseo_notices":[],"jetpack_sharing_enabled":true,"uagb_featured_image_src":{"full":["https:\/\/pegmor.com\/wp-content\/uploads\/2026\/01\/Captura-de-pantalla-2026-01-13-113641.png",455,662,false],"thumbnail":["https:\/\/pegmor.com\/wp-content\/uploads\/2026\/01\/Captura-de-pantalla-2026-01-13-113641-150x150.png",150,150,true],"medium":["https:\/\/pegmor.com\/wp-content\/uploads\/2026\/01\/Captura-de-pantalla-2026-01-13-113641-206x300.png",206,300,true],"medium_large":["https:\/\/pegmor.com\/wp-content\/uploads\/2026\/01\/Captura-de-pantalla-2026-01-13-113641.png",455,662,false],"large":["https:\/\/pegmor.com\/wp-content\/uploads\/2026\/01\/Captura-de-pantalla-2026-01-13-113641.png",455,662,false],"1536x1536":["https:\/\/pegmor.com\/wp-content\/uploads\/2026\/01\/Captura-de-pantalla-2026-01-13-113641.png",455,662,false],"2048x2048":["https:\/\/pegmor.com\/wp-content\/uploads\/2026\/01\/Captura-de-pantalla-2026-01-13-113641.png",455,662,false],"mailpoet_newsletter_max":["https:\/\/pegmor.com\/wp-content\/uploads\/2026\/01\/Captura-de-pantalla-2026-01-13-113641.png",455,662,false],"woocommerce_thumbnail":["https:\/\/pegmor.com\/wp-content\/uploads\/2026\/01\/Captura-de-pantalla-2026-01-13-113641-300x436.png",300,436,true],"woocommerce_single":["https:\/\/pegmor.com\/wp-content\/uploads\/2026\/01\/Captura-de-pantalla-2026-01-13-113641.png",455,662,false],"woocommerce_gallery_thumbnail":["https:\/\/pegmor.com\/wp-content\/uploads\/2026\/01\/Captura-de-pantalla-2026-01-13-113641-100x100.png",100,100,true]},"uagb_author_info":{"display_name":"pegmor-com.preview-domain.com","author_link":"https:\/\/pegmor.com\/index.php\/author\/"},"uagb_comment_info":0,"uagb_excerpt":"PURIFICADOR DE AIRE CON OZONO, BA\u00d1O ELIMINADOR OLORES, AROMATIZANTE, VIDRIO","_links":{"self":[{"href":"https:\/\/pegmor.com\/index.php\/wp-json\/wp\/v2\/product\/1990","targetHints":{"allow":["GET"]}}],"collection":[{"href":"https:\/\/pegmor.com\/index.php\/wp-json\/wp\/v2\/product"}],"about":[{"href":"https:\/\/pegmor.com\/index.php\/wp-json\/wp\/v2\/types\/product"}],"replies":[{"embeddable":true,"href":"https:\/\/pegmor.com\/index.php\/wp-json\/wp\/v2\/comments?post=1990"}],"wp:featuredmedia":[{"embeddable":true,"href":"https:\/\/pegmor.com\/index.php\/wp-json\/wp\/v2\/media\/1991"}],"wp:attachment":[{"href":"https:\/\/pegmor.com\/index.php\/wp-json\/wp\/v2\/media?parent=1990"}],"wp:term":[{"taxonomy":"product_brand","embeddable":true,"href":"https:\/\/pegmor.com\/index.php\/wp-json\/wp\/v2\/product_brand?post=1990"},{"taxonomy":"product_cat","embeddable":true,"href":"https:\/\/pegmor.com\/index.php\/wp-json\/wp\/v2\/product_cat?post=1990"},{"taxonomy":"product_tag","embeddable":true,"href":"https:\/\/pegmor.com\/index.php\/wp-json\/wp\/v2\/product_tag?post=1990"}],"curies":[{"name":"wp","href":"https:\/\/api.w.org\/{rel}","templated":true}]}}