{"id":1986,"date":"2026-01-13T12:07:11","date_gmt":"2026-01-13T17:07:11","guid":{"rendered":"https:\/\/pegmor.com\/?post_type=product&#038;p=1986"},"modified":"2026-03-03T11:13:45","modified_gmt":"2026-03-03T16:13:45","slug":"purificador-de-aire-con-ozono-eliminador-de-olores-estandar","status":"publish","type":"product","link":"https:\/\/pegmor.com\/index.php\/product\/purificador-de-aire-con-ozono-eliminador-de-olores-estandar\/","title":{"rendered":"Purificador de Aire con Ozono, eliminador de olores, Est\u00e1ndar"},"content":{"rendered":"<p data-start=\"164\" data-end=\"386\"><strong data-start=\"164\" data-end=\"205\">Aire limpio sin qu\u00edmicos ni perfumes.<\/strong><br data-start=\"205\" data-end=\"208\" \/>Nuestro <strong data-start=\"216\" data-end=\"249\">purificador de aire con ozono<\/strong> elimina <strong data-start=\"258\" data-end=\"306\">malos olores, virus y bacterias del ambiente<\/strong>, actuando desde el origen y mejorando la calidad del aire en espacios cerrados.<\/p>\n<p data-start=\"388\" data-end=\"601\">Su funcionamiento es <strong data-start=\"409\" data-end=\"436\">autom\u00e1tico<\/strong>\u00a0gracias a su sistema <strong data-start=\"458\" data-end=\"488\">temporizado cada 8 minutos<\/strong>, para que no tengas que encenderlo y apagarlo constantemente. Solo presiona el bot\u00f3n y deja que haga su trabajo.<\/p>\n<p data-start=\"603\" data-end=\"768\">Cuenta con <strong data-start=\"614\" data-end=\"639\">orificios para colgar<\/strong>, lo que te permite instalarlo f\u00e1cilmente en paredes o ubicarlo en el lugar m\u00e1s conveniente, optimizando la circulaci\u00f3n del aire.<\/p>\n<p data-start=\"770\" data-end=\"958\">\ud83d\udd39 <strong data-start=\"773\" data-end=\"785\">Consumo:<\/strong> 110 V<br data-start=\"791\" data-end=\"794\" \/>\ud83d\udd39 <strong data-start=\"797\" data-end=\"821\">Producci\u00f3n de ozono:<\/strong> 200 mg\/h<br data-start=\"830\" data-end=\"833\" \/>\ud83d\udd39 <strong data-start=\"836\" data-end=\"853\">Temporizador:<\/strong> cada 8 minutos<br data-start=\"868\" data-end=\"871\" \/>\ud83d\udd39 <strong data-start=\"874\" data-end=\"886\">Control:<\/strong> bot\u00f3n de encendido y apagado<br data-start=\"915\" data-end=\"918\" \/>\ud83d\udd39 <strong data-start=\"921\" data-end=\"937\">Instalaci\u00f3n:<\/strong> Opci\u00f3n para colgar<\/p>\n<p data-start=\"960\" data-end=\"1050\">Ideal para ba\u00f1os, habitaciones, oficinas y espacios que requieren higiene real y continua.<\/p>\n<p data-start=\"960\" data-end=\"1050\">Garant\u00eda 6 meses.<\/p>\n<p data-start=\"1052\" data-end=\"1085\">\ud83d\udce6 <em data-start=\"1055\" data-end=\"1085\">Env\u00edo a cargo del comprador.<\/em><\/p>\n<p data-start=\"1087\" data-end=\"1163\">\ud83d\udc49 <strong data-start=\"1090\" data-end=\"1124\">No oculta olores. Los elimina.<\/strong><br data-start=\"1124\" data-end=\"1127\" \/>Respira tranquilidad todos los d\u00edas.<\/p>\n<p data-start=\"908\" data-end=\"986\">Mercadolider Colombia<\/p>\n<p data-start=\"908\" data-end=\"986\">SOMOS PEGMOR<\/p>\n","protected":false},"excerpt":{"rendered":"<p>PURIFICADOR DE AIRE CON OZONO EST\u00c1NDAR<\/p>\n","protected":false},"featured_media":1987,"comment_status":"open","ping_status":"closed","template":"","meta":{"_uag_custom_page_level_css":"","_monsterinsights_skip_tracking":false,"_monsterinsights_sitenote_active":false,"_monsterinsights_sitenote_note":"","_monsterinsights_sitenote_category":0,"site-sidebar-layout":"default","site-content-layout":"","ast-site-content-layout":"default","site-content-style":"default","site-sidebar-style":"default","ast-global-header-display":"","ast-banner-title-visibility":"","ast-main-header-display":"","ast-hfb-above-header-display":"","ast-hfb-below-header-display":"","ast-hfb-mobile-header-display":"","site-post-title":"","ast-breadcrumbs-content":"","ast-featured-img":"","footer-sml-layout":"","theme-transparent-header-meta":"default","adv-header-id-meta":"","stick-header-meta":"","header-above-stick-meta":"","header-main-stick-meta":"","header-below-stick-meta":"","astra-migrate-meta-layouts":"set","ast-page-background-enabled":"default","ast-page-background-meta":{"desktop":{"background-color":"var(--ast-global-color-4)","background-image":"","background-repeat":"repeat","background-position":"center center","background-size":"auto","background-attachment":"scroll","background-type":"","background-media":"","overlay-type":"","overlay-color":"","overlay-opacity":"","overlay-gradient":""},"tablet":{"background-color":"","background-image":"","background-repeat":"repeat","background-position":"center center","background-size":"auto","background-attachment":"scroll","background-type":"","background-media":"","overlay-type":"","overlay-color":"","overlay-opacity":"","overlay-gradient":""},"mobile":{"background-color":"","background-image":"","background-repeat":"repeat","background-position":"center center","background-size":"auto","background-attachment":"scroll","background-type":"","background-media":"","overlay-type":"","overlay-color":"","overlay-opacity":"","overlay-gradient":""}},"ast-content-background-meta":{"desktop":{"background-color":"var(--ast-global-color-5)","background-image":"","background-repeat":"repeat","background-position":"center center","background-size":"auto","background-attachment":"scroll","background-type":"","background-media":"","overlay-type":"","overlay-color":"","overlay-opacity":"","overlay-gradient":""},"tablet":{"background-color":"var(--ast-global-color-5)","background-image":"","background-repeat":"repeat","background-position":"center center","background-size":"auto","background-attachment":"scroll","background-type":"","background-media":"","overlay-type":"","overlay-color":"","overlay-opacity":"","overlay-gradient":""},"mobile":{"background-color":"var(--ast-global-color-5)","background-image":"","background-repeat":"repeat","background-position":"center center","background-size":"auto","background-attachment":"scroll","background-type":"","background-media":"","overlay-type":"","overlay-color":"","overlay-opacity":"","overlay-gradient":""}}},"product_brand":[],"product_cat":[33],"product_tag":[],"class_list":{"0":"post-1986","1":"product","2":"type-product","3":"status-publish","4":"has-post-thumbnail","6":"product_cat-purificadores-de-aire","7":"desktop-align-left","8":"tablet-align-left","9":"mobile-align-left","11":"first","12":"instock","13":"sale","14":"shipping-taxable","15":"purchasable","16":"product-type-simple"},"aioseo_notices":[],"jetpack_sharing_enabled":true,"uagb_featured_image_src":{"full":["https:\/\/pegmor.com\/wp-content\/uploads\/2026\/01\/Captura-de-pantalla-2026-01-13-114936.png",404,670,false],"thumbnail":["https:\/\/pegmor.com\/wp-content\/uploads\/2026\/01\/Captura-de-pantalla-2026-01-13-114936-150x150.png",150,150,true],"medium":["https:\/\/pegmor.com\/wp-content\/uploads\/2026\/01\/Captura-de-pantalla-2026-01-13-114936-181x300.png",181,300,true],"medium_large":["https:\/\/pegmor.com\/wp-content\/uploads\/2026\/01\/Captura-de-pantalla-2026-01-13-114936.png",404,670,false],"large":["https:\/\/pegmor.com\/wp-content\/uploads\/2026\/01\/Captura-de-pantalla-2026-01-13-114936.png",404,670,false],"1536x1536":["https:\/\/pegmor.com\/wp-content\/uploads\/2026\/01\/Captura-de-pantalla-2026-01-13-114936.png",404,670,false],"2048x2048":["https:\/\/pegmor.com\/wp-content\/uploads\/2026\/01\/Captura-de-pantalla-2026-01-13-114936.png",404,670,false],"mailpoet_newsletter_max":["https:\/\/pegmor.com\/wp-content\/uploads\/2026\/01\/Captura-de-pantalla-2026-01-13-114936.png",404,670,false],"woocommerce_thumbnail":["https:\/\/pegmor.com\/wp-content\/uploads\/2026\/01\/Captura-de-pantalla-2026-01-13-114936-300x498.png",300,498,true],"woocommerce_single":["https:\/\/pegmor.com\/wp-content\/uploads\/2026\/01\/Captura-de-pantalla-2026-01-13-114936.png",404,670,false],"woocommerce_gallery_thumbnail":["https:\/\/pegmor.com\/wp-content\/uploads\/2026\/01\/Captura-de-pantalla-2026-01-13-114936-100x100.png",100,100,true]},"uagb_author_info":{"display_name":"pegmor-com.preview-domain.com","author_link":"https:\/\/pegmor.com\/index.php\/author\/"},"uagb_comment_info":0,"uagb_excerpt":"PURIFICADOR DE AIRE CON OZONO EST\u00c1NDAR","_links":{"self":[{"href":"https:\/\/pegmor.com\/index.php\/wp-json\/wp\/v2\/product\/1986","targetHints":{"allow":["GET"]}}],"collection":[{"href":"https:\/\/pegmor.com\/index.php\/wp-json\/wp\/v2\/product"}],"about":[{"href":"https:\/\/pegmor.com\/index.php\/wp-json\/wp\/v2\/types\/product"}],"replies":[{"embeddable":true,"href":"https:\/\/pegmor.com\/index.php\/wp-json\/wp\/v2\/comments?post=1986"}],"wp:featuredmedia":[{"embeddable":true,"href":"https:\/\/pegmor.com\/index.php\/wp-json\/wp\/v2\/media\/1987"}],"wp:attachment":[{"href":"https:\/\/pegmor.com\/index.php\/wp-json\/wp\/v2\/media?parent=1986"}],"wp:term":[{"taxonomy":"product_brand","embeddable":true,"href":"https:\/\/pegmor.com\/index.php\/wp-json\/wp\/v2\/product_brand?post=1986"},{"taxonomy":"product_cat","embeddable":true,"href":"https:\/\/pegmor.com\/index.php\/wp-json\/wp\/v2\/product_cat?post=1986"},{"taxonomy":"product_tag","embeddable":true,"href":"https:\/\/pegmor.com\/index.php\/wp-json\/wp\/v2\/product_tag?post=1986"}],"curies":[{"name":"wp","href":"https:\/\/api.w.org\/{rel}","templated":true}]}}