{"id":1981,"date":"2026-01-13T11:39:47","date_gmt":"2026-01-13T16:39:47","guid":{"rendered":"https:\/\/pegmor.com\/?post_type=product&#038;p=1981"},"modified":"2026-03-03T11:13:29","modified_gmt":"2026-03-03T16:13:29","slug":"purificador-de-aire-con-ozono-eliminador-de-olores-silencioso","status":"publish","type":"product","link":"https:\/\/pegmor.com\/index.php\/product\/purificador-de-aire-con-ozono-eliminador-de-olores-silencioso\/","title":{"rendered":"Purificador de Aire con Ozono, eliminador de olores, Silencioso"},"content":{"rendered":"<p data-start=\"164\" data-end=\"365\"><strong data-start=\"164\" data-end=\"205\">Respira un ambiente realmente limpio.<\/strong><br data-start=\"205\" data-end=\"208\" \/>Nuestro <strong data-start=\"216\" data-end=\"249\">purificador de aire con ozono<\/strong> elimina <strong data-start=\"258\" data-end=\"306\">malos olores, virus y bacterias del ambiente<\/strong>, actuando desde el origen y sin usar qu\u00edmicos ni perfumes.<\/p>\n<p data-start=\"367\" data-end=\"585\">Funciona de forma <strong data-start=\"385\" data-end=\"412\">silenciosa y autom\u00e1tica<\/strong>, gracias a su sistema temporizado cada 8 minutos, para que no tengas que estar encendi\u00e9ndolo y apag\u00e1ndolo constantemente. Solo presiona el bot\u00f3n y deja que haga su trabajo.<\/p>\n<p data-start=\"587\" data-end=\"761\">\ud83d\udd39 <strong data-start=\"590\" data-end=\"602\">Consumo:<\/strong> 110 V<br data-start=\"608\" data-end=\"611\" \/>\ud83d\udd39 <strong data-start=\"614\" data-end=\"638\">Producci\u00f3n de ozono:<\/strong> 200 mg\/h<br data-start=\"647\" data-end=\"650\" \/>\ud83d\udd39 <strong data-start=\"653\" data-end=\"672\">Funcionamiento:<\/strong> temporizado<br data-start=\"684\" data-end=\"687\" \/>\ud83d\udd39 <strong data-start=\"690\" data-end=\"702\">Control:<\/strong> bot\u00f3n de encendido y apagado<br data-start=\"731\" data-end=\"734\" \/>\ud83d\udd39 <strong data-start=\"737\" data-end=\"748\">Sonido:<\/strong> silencioso<\/p>\n<p data-start=\"763\" data-end=\"871\">Ideal para ba\u00f1os, habitaciones, oficinas y espacios cerrados que necesitan higiene real y frescura continua.<\/p>\n<p data-start=\"763\" data-end=\"871\">Incluye soporte para colocar sobre alguna superficie, y orificios listos para colgar , lo que te permite instalarlo f\u00e1cilmente en paredes y mejora la circulaci\u00f3n del aire.<\/p>\n<p data-start=\"763\" data-end=\"871\">Garant\u00eda 6 meses.<\/p>\n<p data-start=\"873\" data-end=\"906\">\ud83d\udce6 <em data-start=\"876\" data-end=\"906\">Env\u00edo a cargo del comprador.<\/em><\/p>\n<p data-start=\"908\" data-end=\"986\">\ud83d\udc49 <strong data-start=\"911\" data-end=\"943\">No tapa olores. Los elimina.<\/strong><br data-start=\"943\" data-end=\"946\" \/>Cuida tu espacio y a quienes lo habitan.<\/p>\n<p data-start=\"908\" data-end=\"986\">SOMOS PEGMOR<\/p>\n<p data-start=\"908\" data-end=\"986\">Mercadolider Colombia<\/p>\n","protected":false},"excerpt":{"rendered":"<p><b>PURIFICADOR DE AIRE CON OZONO, ELIMINADOR DE OLORES, SILENCIOSO<\/b><\/p>\n","protected":false},"featured_media":1982,"comment_status":"open","ping_status":"closed","template":"","meta":{"_uag_custom_page_level_css":"","_monsterinsights_skip_tracking":false,"_monsterinsights_sitenote_active":false,"_monsterinsights_sitenote_note":"","_monsterinsights_sitenote_category":0,"site-sidebar-layout":"default","site-content-layout":"","ast-site-content-layout":"default","site-content-style":"default","site-sidebar-style":"default","ast-global-header-display":"","ast-banner-title-visibility":"","ast-main-header-display":"","ast-hfb-above-header-display":"","ast-hfb-below-header-display":"","ast-hfb-mobile-header-display":"","site-post-title":"","ast-breadcrumbs-content":"","ast-featured-img":"","footer-sml-layout":"","theme-transparent-header-meta":"default","adv-header-id-meta":"","stick-header-meta":"","header-above-stick-meta":"","header-main-stick-meta":"","header-below-stick-meta":"","astra-migrate-meta-layouts":"set","ast-page-background-enabled":"default","ast-page-background-meta":{"desktop":{"background-color":"var(--ast-global-color-4)","background-image":"","background-repeat":"repeat","background-position":"center center","background-size":"auto","background-attachment":"scroll","background-type":"","background-media":"","overlay-type":"","overlay-color":"","overlay-opacity":"","overlay-gradient":""},"tablet":{"background-color":"","background-image":"","background-repeat":"repeat","background-position":"center center","background-size":"auto","background-attachment":"scroll","background-type":"","background-media":"","overlay-type":"","overlay-color":"","overlay-opacity":"","overlay-gradient":""},"mobile":{"background-color":"","background-image":"","background-repeat":"repeat","background-position":"center center","background-size":"auto","background-attachment":"scroll","background-type":"","background-media":"","overlay-type":"","overlay-color":"","overlay-opacity":"","overlay-gradient":""}},"ast-content-background-meta":{"desktop":{"background-color":"var(--ast-global-color-5)","background-image":"","background-repeat":"repeat","background-position":"center center","background-size":"auto","background-attachment":"scroll","background-type":"","background-media":"","overlay-type":"","overlay-color":"","overlay-opacity":"","overlay-gradient":""},"tablet":{"background-color":"var(--ast-global-color-5)","background-image":"","background-repeat":"repeat","background-position":"center center","background-size":"auto","background-attachment":"scroll","background-type":"","background-media":"","overlay-type":"","overlay-color":"","overlay-opacity":"","overlay-gradient":""},"mobile":{"background-color":"var(--ast-global-color-5)","background-image":"","background-repeat":"repeat","background-position":"center center","background-size":"auto","background-attachment":"scroll","background-type":"","background-media":"","overlay-type":"","overlay-color":"","overlay-opacity":"","overlay-gradient":""}}},"product_brand":[],"product_cat":[33],"product_tag":[],"class_list":{"0":"post-1981","1":"product","2":"type-product","3":"status-publish","4":"has-post-thumbnail","6":"product_cat-purificadores-de-aire","7":"desktop-align-left","8":"tablet-align-left","9":"mobile-align-left","11":"first","12":"instock","13":"sale","14":"shipping-taxable","15":"purchasable","16":"product-type-simple"},"aioseo_notices":[],"jetpack_sharing_enabled":true,"uagb_featured_image_src":{"full":["https:\/\/pegmor.com\/wp-content\/uploads\/2026\/01\/Captura-de-pantalla-2026-01-13-113521.png",433,612,false],"thumbnail":["https:\/\/pegmor.com\/wp-content\/uploads\/2026\/01\/Captura-de-pantalla-2026-01-13-113521-150x150.png",150,150,true],"medium":["https:\/\/pegmor.com\/wp-content\/uploads\/2026\/01\/Captura-de-pantalla-2026-01-13-113521-212x300.png",212,300,true],"medium_large":["https:\/\/pegmor.com\/wp-content\/uploads\/2026\/01\/Captura-de-pantalla-2026-01-13-113521.png",433,612,false],"large":["https:\/\/pegmor.com\/wp-content\/uploads\/2026\/01\/Captura-de-pantalla-2026-01-13-113521.png",433,612,false],"1536x1536":["https:\/\/pegmor.com\/wp-content\/uploads\/2026\/01\/Captura-de-pantalla-2026-01-13-113521.png",433,612,false],"2048x2048":["https:\/\/pegmor.com\/wp-content\/uploads\/2026\/01\/Captura-de-pantalla-2026-01-13-113521.png",433,612,false],"mailpoet_newsletter_max":["https:\/\/pegmor.com\/wp-content\/uploads\/2026\/01\/Captura-de-pantalla-2026-01-13-113521.png",433,612,false],"woocommerce_thumbnail":["https:\/\/pegmor.com\/wp-content\/uploads\/2026\/01\/Captura-de-pantalla-2026-01-13-113521-300x424.png",300,424,true],"woocommerce_single":["https:\/\/pegmor.com\/wp-content\/uploads\/2026\/01\/Captura-de-pantalla-2026-01-13-113521.png",433,612,false],"woocommerce_gallery_thumbnail":["https:\/\/pegmor.com\/wp-content\/uploads\/2026\/01\/Captura-de-pantalla-2026-01-13-113521-100x100.png",100,100,true]},"uagb_author_info":{"display_name":"pegmor-com.preview-domain.com","author_link":"https:\/\/pegmor.com\/index.php\/author\/"},"uagb_comment_info":0,"uagb_excerpt":"PURIFICADOR DE AIRE CON OZONO, ELIMINADOR DE OLORES, SILENCIOSO","_links":{"self":[{"href":"https:\/\/pegmor.com\/index.php\/wp-json\/wp\/v2\/product\/1981","targetHints":{"allow":["GET"]}}],"collection":[{"href":"https:\/\/pegmor.com\/index.php\/wp-json\/wp\/v2\/product"}],"about":[{"href":"https:\/\/pegmor.com\/index.php\/wp-json\/wp\/v2\/types\/product"}],"replies":[{"embeddable":true,"href":"https:\/\/pegmor.com\/index.php\/wp-json\/wp\/v2\/comments?post=1981"}],"wp:featuredmedia":[{"embeddable":true,"href":"https:\/\/pegmor.com\/index.php\/wp-json\/wp\/v2\/media\/1982"}],"wp:attachment":[{"href":"https:\/\/pegmor.com\/index.php\/wp-json\/wp\/v2\/media?parent=1981"}],"wp:term":[{"taxonomy":"product_brand","embeddable":true,"href":"https:\/\/pegmor.com\/index.php\/wp-json\/wp\/v2\/product_brand?post=1981"},{"taxonomy":"product_cat","embeddable":true,"href":"https:\/\/pegmor.com\/index.php\/wp-json\/wp\/v2\/product_cat?post=1981"},{"taxonomy":"product_tag","embeddable":true,"href":"https:\/\/pegmor.com\/index.php\/wp-json\/wp\/v2\/product_tag?post=1981"}],"curies":[{"name":"wp","href":"https:\/\/api.w.org\/{rel}","templated":true}]}}