{"id":193,"date":"2023-10-18T11:43:30","date_gmt":"2023-10-18T16:43:30","guid":{"rendered":"https:\/\/pegmor.com\/?post_type=product&#038;p=193"},"modified":"2025-09-02T14:11:17","modified_gmt":"2025-09-02T19:11:17","slug":"estructura-silla-giratoria-alta-ergonomica-neumaticaoficina","status":"publish","type":"product","link":"https:\/\/pegmor.com\/index.php\/product\/estructura-silla-giratoria-alta-ergonomica-neumaticaoficina\/","title":{"rendered":"Estructura Silla Giratoria Alta Ergonomica Neumaticaoficina"},"content":{"rendered":"<p>ESTRUCTURA PARA SILLA GIRATORIA ALTA ERGONOMICA.<\/p>\n<p>RECIBIR\u00c1S<br \/>\nUNA BASE ARA\u00d1A DE 5 ASPAS DE 60 CM, REFORZADA COLOR NEGRO CON RODACHINAS.<br \/>\nUN CILINDRO DE ELEVACI\u00d3N TIPO CAJERO<\/p>\n<p>UN PLATO PARA SOPORTE DE ASIENTO CON PALANCA DE ACCION.<\/p>\n<p>SOMOS MERCADOLIDER<br \/>\nCALIFICACIONES 100% POSITIVAS<\/p>\n<p>Env\u00edo a cargo del comprador<\/p>\n","protected":false},"excerpt":{"rendered":"<p>ESTRUCTURA PARA SILLA GIRATORIA ALTA ERGONOMICA.<\/p>\n<p>RECIBIR\u00c1S<br \/>\nUNA BASE ARA\u00d1A DE 5 ASPAS DE 60 CM, REFORZADA COLOR NEGRO CON RODACHINAS.<br \/>\nUN CILINDRO DE ELEVACI\u00d3N TIPO CAJERO<\/p>\n<p>UN PLATO PARA SOPORTE DE ASIENTO CON PALANCA DE ACCION.<\/p>\n<p>SOMOS MERCADOLIDER<br \/>\nCALIFICACIONES 100% POSITIVAS<\/p>\n","protected":false},"featured_media":194,"comment_status":"open","ping_status":"closed","template":"","meta":{"_uag_custom_page_level_css":"","_monsterinsights_skip_tracking":false,"_monsterinsights_sitenote_active":false,"_monsterinsights_sitenote_note":"","_monsterinsights_sitenote_category":0,"site-sidebar-layout":"default","site-content-layout":"","ast-site-content-layout":"default","site-content-style":"default","site-sidebar-style":"default","ast-global-header-display":"","ast-banner-title-visibility":"","ast-main-header-display":"","ast-hfb-above-header-display":"","ast-hfb-below-header-display":"","ast-hfb-mobile-header-display":"","site-post-title":"","ast-breadcrumbs-content":"","ast-featured-img":"","footer-sml-layout":"","theme-transparent-header-meta":"default","adv-header-id-meta":"","stick-header-meta":"","header-above-stick-meta":"","header-main-stick-meta":"","header-below-stick-meta":"","astra-migrate-meta-layouts":"set","ast-page-background-enabled":"default","ast-page-background-meta":{"desktop":{"background-color":"var(--ast-global-color-4)","background-image":"","background-repeat":"repeat","background-position":"center center","background-size":"auto","background-attachment":"scroll","background-type":"","background-media":"","overlay-type":"","overlay-color":"","overlay-opacity":"","overlay-gradient":""},"tablet":{"background-color":"","background-image":"","background-repeat":"repeat","background-position":"center center","background-size":"auto","background-attachment":"scroll","background-type":"","background-media":"","overlay-type":"","overlay-color":"","overlay-opacity":"","overlay-gradient":""},"mobile":{"background-color":"","background-image":"","background-repeat":"repeat","background-position":"center center","background-size":"auto","background-attachment":"scroll","background-type":"","background-media":"","overlay-type":"","overlay-color":"","overlay-opacity":"","overlay-gradient":""}},"ast-content-background-meta":{"desktop":{"background-color":"var(--ast-global-color-5)","background-image":"","background-repeat":"repeat","background-position":"center center","background-size":"auto","background-attachment":"scroll","background-type":"","background-media":"","overlay-type":"","overlay-color":"","overlay-opacity":"","overlay-gradient":""},"tablet":{"background-color":"var(--ast-global-color-5)","background-image":"","background-repeat":"repeat","background-position":"center center","background-size":"auto","background-attachment":"scroll","background-type":"","background-media":"","overlay-type":"","overlay-color":"","overlay-opacity":"","overlay-gradient":""},"mobile":{"background-color":"var(--ast-global-color-5)","background-image":"","background-repeat":"repeat","background-position":"center center","background-size":"auto","background-attachment":"scroll","background-type":"","background-media":"","overlay-type":"","overlay-color":"","overlay-opacity":"","overlay-gradient":""}}},"product_brand":[],"product_cat":[37],"product_tag":[67,40],"class_list":{"0":"post-193","1":"product","2":"type-product","3":"status-publish","4":"has-post-thumbnail","6":"product_cat-sillas-y-oficinas","7":"product_tag-estructura-silla-giratoria","8":"product_tag-silla-giratoria","9":"desktop-align-left","10":"tablet-align-left","11":"mobile-align-left","13":"first","14":"instock","15":"sale","16":"shipping-taxable","17":"purchasable","18":"product-type-simple"},"aioseo_notices":[],"jetpack_sharing_enabled":true,"uagb_featured_image_src":{"full":["https:\/\/pegmor.com\/wp-content\/uploads\/2023\/10\/silla.webp",363,514,false],"thumbnail":["https:\/\/pegmor.com\/wp-content\/uploads\/2023\/10\/silla-150x150.webp",150,150,true],"medium":["https:\/\/pegmor.com\/wp-content\/uploads\/2023\/10\/silla-212x300.webp",212,300,true],"medium_large":["https:\/\/pegmor.com\/wp-content\/uploads\/2023\/10\/silla.webp",363,514,false],"large":["https:\/\/pegmor.com\/wp-content\/uploads\/2023\/10\/silla.webp",363,514,false],"1536x1536":["https:\/\/pegmor.com\/wp-content\/uploads\/2023\/10\/silla.webp",363,514,false],"2048x2048":["https:\/\/pegmor.com\/wp-content\/uploads\/2023\/10\/silla.webp",363,514,false],"mailpoet_newsletter_max":["https:\/\/pegmor.com\/wp-content\/uploads\/2023\/10\/silla.webp",363,514,false],"woocommerce_thumbnail":["https:\/\/pegmor.com\/wp-content\/uploads\/2023\/10\/silla-300x425.webp",300,425,true],"woocommerce_single":["https:\/\/pegmor.com\/wp-content\/uploads\/2023\/10\/silla.webp",363,514,false],"woocommerce_gallery_thumbnail":["https:\/\/pegmor.com\/wp-content\/uploads\/2023\/10\/silla-100x100.webp",100,100,true]},"uagb_author_info":{"display_name":"pegmor-com.preview-domain.com","author_link":"https:\/\/pegmor.com\/index.php\/author\/"},"uagb_comment_info":0,"uagb_excerpt":"ESTRUCTURA PARA SILLA GIRATORIA ALTA ERGONOMICA. RECIBIR\u00c1S UNA BASE ARA\u00d1A DE 5 ASPAS DE 60 CM, REFORZADA COLOR NEGRO CON RODACHINAS. UN CILINDRO DE ELEVACI\u00d3N TIPO CAJERO UN PLATO PARA SOPORTE DE ASIENTO CON PALANCA DE ACCION. SOMOS MERCADOLIDER CALIFICACIONES 100% POSITIVAS","_links":{"self":[{"href":"https:\/\/pegmor.com\/index.php\/wp-json\/wp\/v2\/product\/193","targetHints":{"allow":["GET"]}}],"collection":[{"href":"https:\/\/pegmor.com\/index.php\/wp-json\/wp\/v2\/product"}],"about":[{"href":"https:\/\/pegmor.com\/index.php\/wp-json\/wp\/v2\/types\/product"}],"replies":[{"embeddable":true,"href":"https:\/\/pegmor.com\/index.php\/wp-json\/wp\/v2\/comments?post=193"}],"wp:featuredmedia":[{"embeddable":true,"href":"https:\/\/pegmor.com\/index.php\/wp-json\/wp\/v2\/media\/194"}],"wp:attachment":[{"href":"https:\/\/pegmor.com\/index.php\/wp-json\/wp\/v2\/media?parent=193"}],"wp:term":[{"taxonomy":"product_brand","embeddable":true,"href":"https:\/\/pegmor.com\/index.php\/wp-json\/wp\/v2\/product_brand?post=193"},{"taxonomy":"product_cat","embeddable":true,"href":"https:\/\/pegmor.com\/index.php\/wp-json\/wp\/v2\/product_cat?post=193"},{"taxonomy":"product_tag","embeddable":true,"href":"https:\/\/pegmor.com\/index.php\/wp-json\/wp\/v2\/product_tag?post=193"}],"curies":[{"name":"wp","href":"https:\/\/api.w.org\/{rel}","templated":true}]}}