{"id":187,"date":"2023-10-17T19:37:07","date_gmt":"2023-10-18T00:37:07","guid":{"rendered":"https:\/\/pegmor.com\/?post_type=product&#038;p=187"},"modified":"2025-09-02T14:11:31","modified_gmt":"2025-09-02T19:11:31","slug":"cilindro-neumatico-piston-columna-para-silla-giratoria-2","status":"publish","type":"product","link":"https:\/\/pegmor.com\/index.php\/product\/cilindro-neumatico-piston-columna-para-silla-giratoria-2\/","title":{"rendered":"Cilindro Neumatico Piston Largo Secretarial  Para Silla Giratoria"},"content":{"rendered":"<p>CILINDRO NEUM\u00c1TICO REPUESTO PARA SILLA GIRATORIA.<br \/>\nElevaci\u00f3n graduable<br \/>\nreemplazo f\u00e1cil<br \/>\nRecorrido en altura m\u00ednimo, m\u00e1ximo de 29 a 41.5 cm.<br \/>\nMedidas en la foto 2.<br \/>\nEnv\u00edo a cargo del comprador<\/p>\n","protected":false},"excerpt":{"rendered":"<p>CILINDRO NEUM\u00c1TICO REPUESTO PARA SILLA GIRATORIA.<br \/>\nElevaci\u00f3n graduable<br \/>\nreemplazo f\u00e1cil<br \/>\nRecorrido en altura m\u00ednimo, m\u00e1ximo de 29 a 41.5 cm.<br \/>\nMedidas en la foto 2.<br \/>\nEnv\u00edo nacional con pago a cargo del comprador.<\/p>\n","protected":false},"featured_media":188,"comment_status":"open","ping_status":"closed","template":"","meta":{"_uag_custom_page_level_css":"","_monsterinsights_skip_tracking":false,"_monsterinsights_sitenote_active":false,"_monsterinsights_sitenote_note":"","_monsterinsights_sitenote_category":0,"site-sidebar-layout":"default","site-content-layout":"","ast-site-content-layout":"default","site-content-style":"default","site-sidebar-style":"default","ast-global-header-display":"","ast-banner-title-visibility":"","ast-main-header-display":"","ast-hfb-above-header-display":"","ast-hfb-below-header-display":"","ast-hfb-mobile-header-display":"","site-post-title":"","ast-breadcrumbs-content":"","ast-featured-img":"","footer-sml-layout":"","theme-transparent-header-meta":"default","adv-header-id-meta":"","stick-header-meta":"","header-above-stick-meta":"","header-main-stick-meta":"","header-below-stick-meta":"","astra-migrate-meta-layouts":"set","ast-page-background-enabled":"default","ast-page-background-meta":{"desktop":{"background-color":"var(--ast-global-color-4)","background-image":"","background-repeat":"repeat","background-position":"center center","background-size":"auto","background-attachment":"scroll","background-type":"","background-media":"","overlay-type":"","overlay-color":"","overlay-opacity":"","overlay-gradient":""},"tablet":{"background-color":"","background-image":"","background-repeat":"repeat","background-position":"center center","background-size":"auto","background-attachment":"scroll","background-type":"","background-media":"","overlay-type":"","overlay-color":"","overlay-opacity":"","overlay-gradient":""},"mobile":{"background-color":"","background-image":"","background-repeat":"repeat","background-position":"center center","background-size":"auto","background-attachment":"scroll","background-type":"","background-media":"","overlay-type":"","overlay-color":"","overlay-opacity":"","overlay-gradient":""}},"ast-content-background-meta":{"desktop":{"background-color":"var(--ast-global-color-5)","background-image":"","background-repeat":"repeat","background-position":"center center","background-size":"auto","background-attachment":"scroll","background-type":"","background-media":"","overlay-type":"","overlay-color":"","overlay-opacity":"","overlay-gradient":""},"tablet":{"background-color":"var(--ast-global-color-5)","background-image":"","background-repeat":"repeat","background-position":"center center","background-size":"auto","background-attachment":"scroll","background-type":"","background-media":"","overlay-type":"","overlay-color":"","overlay-opacity":"","overlay-gradient":""},"mobile":{"background-color":"var(--ast-global-color-5)","background-image":"","background-repeat":"repeat","background-position":"center center","background-size":"auto","background-attachment":"scroll","background-type":"","background-media":"","overlay-type":"","overlay-color":"","overlay-opacity":"","overlay-gradient":""}}},"product_brand":[],"product_cat":[37],"product_tag":[63,41,64,42],"class_list":{"0":"post-187","1":"product","2":"type-product","3":"status-publish","4":"has-post-thumbnail","6":"product_cat-sillas-y-oficinas","7":"product_tag-cilindro","8":"product_tag-cilindro-de-silla-giratoria","9":"product_tag-piston","10":"product_tag-piston-de-silla-giratoria","11":"desktop-align-left","12":"tablet-align-left","13":"mobile-align-left","15":"first","16":"instock","17":"sale","18":"shipping-taxable","19":"purchasable","20":"product-type-simple"},"aioseo_notices":[],"jetpack_sharing_enabled":true,"uagb_featured_image_src":{"full":["https:\/\/pegmor.com\/wp-content\/uploads\/2023\/10\/21silla-1.webp",398,494,false],"thumbnail":["https:\/\/pegmor.com\/wp-content\/uploads\/2023\/10\/21silla-1-150x150.webp",150,150,true],"medium":["https:\/\/pegmor.com\/wp-content\/uploads\/2023\/10\/21silla-1-242x300.webp",242,300,true],"medium_large":["https:\/\/pegmor.com\/wp-content\/uploads\/2023\/10\/21silla-1.webp",398,494,false],"large":["https:\/\/pegmor.com\/wp-content\/uploads\/2023\/10\/21silla-1.webp",398,494,false],"1536x1536":["https:\/\/pegmor.com\/wp-content\/uploads\/2023\/10\/21silla-1.webp",398,494,false],"2048x2048":["https:\/\/pegmor.com\/wp-content\/uploads\/2023\/10\/21silla-1.webp",398,494,false],"mailpoet_newsletter_max":["https:\/\/pegmor.com\/wp-content\/uploads\/2023\/10\/21silla-1.webp",398,494,false],"woocommerce_thumbnail":["https:\/\/pegmor.com\/wp-content\/uploads\/2023\/10\/21silla-1-300x372.webp",300,372,true],"woocommerce_single":["https:\/\/pegmor.com\/wp-content\/uploads\/2023\/10\/21silla-1.webp",398,494,false],"woocommerce_gallery_thumbnail":["https:\/\/pegmor.com\/wp-content\/uploads\/2023\/10\/21silla-1-100x100.webp",100,100,true]},"uagb_author_info":{"display_name":"pegmor-com.preview-domain.com","author_link":"https:\/\/pegmor.com\/index.php\/author\/"},"uagb_comment_info":0,"uagb_excerpt":"CILINDRO NEUM\u00c1TICO REPUESTO PARA SILLA GIRATORIA. Elevaci\u00f3n graduable reemplazo f\u00e1cil Recorrido en altura m\u00ednimo, m\u00e1ximo de 29 a 41.5 cm. Medidas en la foto 2. Env\u00edo nacional con pago a cargo del comprador.","_links":{"self":[{"href":"https:\/\/pegmor.com\/index.php\/wp-json\/wp\/v2\/product\/187","targetHints":{"allow":["GET"]}}],"collection":[{"href":"https:\/\/pegmor.com\/index.php\/wp-json\/wp\/v2\/product"}],"about":[{"href":"https:\/\/pegmor.com\/index.php\/wp-json\/wp\/v2\/types\/product"}],"replies":[{"embeddable":true,"href":"https:\/\/pegmor.com\/index.php\/wp-json\/wp\/v2\/comments?post=187"}],"wp:featuredmedia":[{"embeddable":true,"href":"https:\/\/pegmor.com\/index.php\/wp-json\/wp\/v2\/media\/188"}],"wp:attachment":[{"href":"https:\/\/pegmor.com\/index.php\/wp-json\/wp\/v2\/media?parent=187"}],"wp:term":[{"taxonomy":"product_brand","embeddable":true,"href":"https:\/\/pegmor.com\/index.php\/wp-json\/wp\/v2\/product_brand?post=187"},{"taxonomy":"product_cat","embeddable":true,"href":"https:\/\/pegmor.com\/index.php\/wp-json\/wp\/v2\/product_cat?post=187"},{"taxonomy":"product_tag","embeddable":true,"href":"https:\/\/pegmor.com\/index.php\/wp-json\/wp\/v2\/product_tag?post=187"}],"curies":[{"name":"wp","href":"https:\/\/api.w.org\/{rel}","templated":true}]}}